{"id":11416,"date":"2025-08-11T11:48:17","date_gmt":"2025-08-11T08:48:17","guid":{"rendered":"https:\/\/www.unoxonline.com.tr\/about-us\/"},"modified":"2026-04-28T12:57:17","modified_gmt":"2026-04-28T09:57:17","slug":"about-us","status":"publish","type":"page","link":"https:\/\/www.unoxonline.com.tr\/en\/about-us\/","title":{"rendered":"About Us"},"content":{"rendered":"<section class=\"l-section wpb_row height_small\"><div class=\"l-section-h i-cf\"><div class=\"g-cols vc_row via_flex valign_top type_default stacking_default\"><div class=\"vc_col-sm-12 wpb_column vc_column_container\"><div class=\"vc_column-inner\"><div class=\"wpb_wrapper\"><div class=\"w-image align_center\"><div class=\"w-image-h\"><img decoding=\"async\" width=\"1024\" height=\"678\" src=\"https:\/\/www.unoxonline.com.tr\/wp-content\/uploads\/2025\/08\/unox-hakkimizda-1024x678.avif\" class=\"attachment-large size-large not-transparent\" alt=\"\" loading=\"lazy\" srcset=\"https:\/\/www.unoxonline.com.tr\/wp-content\/uploads\/2025\/08\/unox-hakkimizda-1024x678.avif 1024w, https:\/\/www.unoxonline.com.tr\/wp-content\/uploads\/2025\/08\/unox-hakkimizda-300x199.avif 300w, https:\/\/www.unoxonline.com.tr\/wp-content\/uploads\/2025\/08\/unox-hakkimizda-150x99.avif 150w, https:\/\/www.unoxonline.com.tr\/wp-content\/uploads\/2025\/08\/unox-hakkimizda-80x53.avif 80w, https:\/\/www.unoxonline.com.tr\/wp-content\/uploads\/2025\/08\/unox-hakkimizda-40x26.avif 40w, https:\/\/www.unoxonline.com.tr\/wp-content\/uploads\/2025\/08\/unox-hakkimizda-600x397.avif 600w, https:\/\/www.unoxonline.com.tr\/wp-content\/uploads\/2025\/08\/unox-hakkimizda.avif 2048w\" sizes=\"auto, (max-width: 1024px) 100vw, 1024px\" data-has-transparency=\"false\" data-dominant-color=\"959497\" style=\"--dominant-color: #959497;\" \/><\/div><\/div><div class=\"w-separator size_medium\"><\/div><div class=\"wpb_text_column\"><div class=\"wpb_wrapper\"><h3><strong>About Us<\/strong><\/h3>\n<\/div><\/div><div class=\"w-separator size_small\"><\/div><div class=\"wpb_text_column\"><div class=\"wpb_wrapper\"><p>Founded in 1992, Unox Valve has established itself as a leading brand in industrial automation and control systems. We take pride in our innovative approach and reliable products, all aimed at exceeding our customers\u2019 expectations. <\/p>\n<p>Our Mission<br \/>\nTo enhance our customers\u2019 efficiency and competitiveness by delivering the highest quality products and services. We closely follow technological advancements, continuously develop innovative solutions, and respond effectively to the needs of the industry. <\/p>\n<p>Our Vision<br \/>\nUnox Valve aims to become a globally recognized and preferred brand. With a strong focus on quality, innovation, and customer satisfaction, we strive to take a leading role in industrial automation solutions. <\/p>\n<p>Our Values<br \/>\nQuality: Excellence at every stage of our products and services.<br \/>\nInnovation: Continuous improvement and investment in technology.<br \/>\nReliability: Long-term, trust-based relationships with our customers.<br \/>\nSustainability: Environmentally friendly practices and sustainable business models.<\/p>\n<p>Our Products and Services<br \/>\nAs Unox Valve, we offer solutions tailored to the needs of various industries through our wide product range. With our actuated valves, control valves, steam traps, and other industrial automation products, we deliver high performance and durability. <\/p>\n<p>Customer-Centric Approach<br \/>\nUnderstanding our customers\u2019 needs and providing the most suitable solutions is our top priority. Through our pre-sales and after-sales support, we maintain the highest level of customer satisfaction. With our expert team and extensive dealer network, we are always by your side.  <\/p>\n<p>Looking to the Future<br \/>\nUnox Valve looks to the future with confidence through its investments in technology and innovation. With our research and development activities, we continue to deliver solutions that shape the industry. We aim to strengthen our presence in the global market and grow through new partnerships.<\/p>\n<\/div><\/div><\/div><\/div><\/div><\/div><\/div><\/section>\n","protected":false},"excerpt":{"rendered":"About Us Founded in 1992, Unox Valve has established itself as a leading brand in industrial automation and control systems. We take pride in our innovative approach and reliable products, all aimed at exceeding our customers\u2019 expectations. Our Mission To enhance our customers\u2019 efficiency and competitiveness by delivering the highest quality products and services. We...","protected":false},"author":1,"featured_media":0,"parent":0,"menu_order":0,"comment_status":"closed","ping_status":"closed","template":"","meta":{"_joinchat":[],"footnotes":""},"class_list":["post-11416","page","type-page","status-publish","hentry"],"yoast_head":"<!-- This site is optimized with the Yoast SEO plugin v27.5 - https:\/\/yoast.com\/product\/yoast-seo-wordpress\/ -->\n<title>About Us - Unox Vana<\/title>\n<meta name=\"robots\" content=\"index, follow, max-snippet:-1, max-image-preview:large, max-video-preview:-1\" \/>\n<link rel=\"canonical\" href=\"https:\/\/www.unoxonline.com.tr\/en\/about-us\/\" \/>\n<meta property=\"og:locale\" content=\"en_US\" \/>\n<meta property=\"og:type\" content=\"article\" \/>\n<meta property=\"og:title\" content=\"About Us - Unox Vana\" \/>\n<meta property=\"og:url\" content=\"https:\/\/www.unoxonline.com.tr\/en\/about-us\/\" \/>\n<meta property=\"og:site_name\" content=\"Unox Vana\" \/>\n<meta property=\"article:modified_time\" content=\"2026-04-28T09:57:17+00:00\" \/>\n<meta name=\"twitter:card\" content=\"summary_large_image\" \/>\n<meta name=\"twitter:label1\" content=\"Est. reading time\" \/>\n\t<meta name=\"twitter:data1\" content=\"2 minutes\" \/>\n<script type=\"application\/ld+json\" class=\"yoast-schema-graph\">{\"@context\":\"https:\\\/\\\/schema.org\",\"@graph\":[{\"@type\":\"WebPage\",\"@id\":\"https:\\\/\\\/www.unoxonline.com.tr\\\/en\\\/about-us\\\/\",\"url\":\"https:\\\/\\\/www.unoxonline.com.tr\\\/en\\\/about-us\\\/\",\"name\":\"About Us - Unox Vana\",\"isPartOf\":{\"@id\":\"https:\\\/\\\/www.unoxonline.com.tr\\\/en\\\/#website\"},\"datePublished\":\"2025-08-11T08:48:17+00:00\",\"dateModified\":\"2026-04-28T09:57:17+00:00\",\"breadcrumb\":{\"@id\":\"https:\\\/\\\/www.unoxonline.com.tr\\\/en\\\/about-us\\\/#breadcrumb\"},\"inLanguage\":\"en-US\",\"potentialAction\":[{\"@type\":\"ReadAction\",\"target\":[\"https:\\\/\\\/www.unoxonline.com.tr\\\/en\\\/about-us\\\/\"]}]},{\"@type\":\"BreadcrumbList\",\"@id\":\"https:\\\/\\\/www.unoxonline.com.tr\\\/en\\\/about-us\\\/#breadcrumb\",\"itemListElement\":[{\"@type\":\"ListItem\",\"position\":1,\"name\":\"Anasayfa\",\"item\":\"https:\\\/\\\/www.unoxonline.com.tr\\\/en\\\/\"},{\"@type\":\"ListItem\",\"position\":2,\"name\":\"About Us\"}]},{\"@type\":\"WebSite\",\"@id\":\"https:\\\/\\\/www.unoxonline.com.tr\\\/en\\\/#website\",\"url\":\"https:\\\/\\\/www.unoxonline.com.tr\\\/en\\\/\",\"name\":\"Unox Vana\",\"description\":\"Ak\u0131\u015fkan\u0131n\u0131za Y\u00f6n Verir...\",\"potentialAction\":[{\"@type\":\"SearchAction\",\"target\":{\"@type\":\"EntryPoint\",\"urlTemplate\":\"https:\\\/\\\/www.unoxonline.com.tr\\\/en\\\/?s={search_term_string}\"},\"query-input\":{\"@type\":\"PropertyValueSpecification\",\"valueRequired\":true,\"valueName\":\"search_term_string\"}}],\"inLanguage\":\"en-US\"}]}<\/script>\n<!-- \/ Yoast SEO plugin. -->","yoast_head_json":{"title":"About Us - Unox Vana","robots":{"index":"index","follow":"follow","max-snippet":"max-snippet:-1","max-image-preview":"max-image-preview:large","max-video-preview":"max-video-preview:-1"},"canonical":"https:\/\/www.unoxonline.com.tr\/en\/about-us\/","og_locale":"en_US","og_type":"article","og_title":"About Us - Unox Vana","og_url":"https:\/\/www.unoxonline.com.tr\/en\/about-us\/","og_site_name":"Unox Vana","article_modified_time":"2026-04-28T09:57:17+00:00","twitter_card":"summary_large_image","twitter_misc":{"Est. reading time":"2 minutes"},"schema":{"@context":"https:\/\/schema.org","@graph":[{"@type":"WebPage","@id":"https:\/\/www.unoxonline.com.tr\/en\/about-us\/","url":"https:\/\/www.unoxonline.com.tr\/en\/about-us\/","name":"About Us - Unox Vana","isPartOf":{"@id":"https:\/\/www.unoxonline.com.tr\/en\/#website"},"datePublished":"2025-08-11T08:48:17+00:00","dateModified":"2026-04-28T09:57:17+00:00","breadcrumb":{"@id":"https:\/\/www.unoxonline.com.tr\/en\/about-us\/#breadcrumb"},"inLanguage":"en-US","potentialAction":[{"@type":"ReadAction","target":["https:\/\/www.unoxonline.com.tr\/en\/about-us\/"]}]},{"@type":"BreadcrumbList","@id":"https:\/\/www.unoxonline.com.tr\/en\/about-us\/#breadcrumb","itemListElement":[{"@type":"ListItem","position":1,"name":"Anasayfa","item":"https:\/\/www.unoxonline.com.tr\/en\/"},{"@type":"ListItem","position":2,"name":"About Us"}]},{"@type":"WebSite","@id":"https:\/\/www.unoxonline.com.tr\/en\/#website","url":"https:\/\/www.unoxonline.com.tr\/en\/","name":"Unox Vana","description":"Ak\u0131\u015fkan\u0131n\u0131za Y\u00f6n Verir...","potentialAction":[{"@type":"SearchAction","target":{"@type":"EntryPoint","urlTemplate":"https:\/\/www.unoxonline.com.tr\/en\/?s={search_term_string}"},"query-input":{"@type":"PropertyValueSpecification","valueRequired":true,"valueName":"search_term_string"}}],"inLanguage":"en-US"}]}},"jetpack_sharing_enabled":true,"_links":{"self":[{"href":"https:\/\/www.unoxonline.com.tr\/en\/wp-json\/wp\/v2\/pages\/11416","targetHints":{"allow":["GET"]}}],"collection":[{"href":"https:\/\/www.unoxonline.com.tr\/en\/wp-json\/wp\/v2\/pages"}],"about":[{"href":"https:\/\/www.unoxonline.com.tr\/en\/wp-json\/wp\/v2\/types\/page"}],"author":[{"embeddable":true,"href":"https:\/\/www.unoxonline.com.tr\/en\/wp-json\/wp\/v2\/users\/1"}],"replies":[{"embeddable":true,"href":"https:\/\/www.unoxonline.com.tr\/en\/wp-json\/wp\/v2\/comments?post=11416"}],"version-history":[{"count":20,"href":"https:\/\/www.unoxonline.com.tr\/en\/wp-json\/wp\/v2\/pages\/11416\/revisions"}],"predecessor-version":[{"id":12378,"href":"https:\/\/www.unoxonline.com.tr\/en\/wp-json\/wp\/v2\/pages\/11416\/revisions\/12378"}],"wp:attachment":[{"href":"https:\/\/www.unoxonline.com.tr\/en\/wp-json\/wp\/v2\/media?parent=11416"}],"curies":[{"name":"wp","href":"https:\/\/api.w.org\/{rel}","templated":true}]}}