{"id":8421,"date":"2026-01-15T11:37:37","date_gmt":"2026-01-15T08:37:37","guid":{"rendered":"https:\/\/www.unoxonline.com.tr\/urun\/unox-reflex-glass-level-indicator\/"},"modified":"2026-01-15T11:37:37","modified_gmt":"2026-01-15T08:37:37","slug":"unox-reflex-glass-level-indicator","status":"publish","type":"product","link":"https:\/\/www.unoxonline.com.tr\/en\/urun\/unox-reflex-glass-level-indicator\/","title":{"rendered":"Unox Reflex Glass Level Indicator"},"content":{"rendered":"<p>Reflex glass level gauges are used to directly display the liquid level in industrial liquid tanks. These gauges ensure both safety and easy control, especially in pressurized systems. System operators can clearly distinguish between liquid and vapor thanks to the reflex glass. This distinction is due to the special prismatic structure of the reflex glass. However, as the application areas expand, it may be necessary to choose products with different properties.    <\/p>\n<h3 data-start=\"647\" data-end=\"689\">Advantages of Reflex Glass Technology<\/h3>\n<p data-start=\"691\" data-end=\"1172\">The reflex glass clearly separates the light reflection between liquid and vapor. The user can therefore easily determine the liquid level in the tank by eye. This type of glass is usually made of high pressure resistant glass material. In addition, reflex glass gauges do not require the use of double glazing. This makes maintenance processes more practical. They also offer more economical solutions. For more technical details about these gauges, please visit <a class=\"\" href=\"https:\/\/unox.com.tr\/\" target=\"_new\" rel=\"noopener\" data-start=\"1123\" data-end=\"1143\">unox<\/a>.      <\/p>\n<h3 data-start=\"1174\" data-end=\"1216\"><span id=\"Uygulama_Alanlarinda_Guvenlik_Onceligi\" class=\"ez-toc-section\"><\/span>Safety Priority in Application Areas<\/h3>\n<p data-start=\"1218\" data-end=\"1651\">Reflex glass level gauges provide reliable results even under high temperature and pressure. However, choices made without taking into account the characteristics of the environment in the tank create risks. Therefore, the right product should be preferred with expert support. In high-risk environments, the system should be supported with safety valves and special gaskets. You can get support from <a class=\"\" href=\"https:\/\/unox.com.tr\/iletisim\/\" target=\"_new\" rel=\"noopener\" data-start=\"1588\" data-end=\"1617\">unox<\/a> page for professional solutions on the subject.    <\/p>\n<h3 data-start=\"1653\" data-end=\"1682\"><span id=\"Dayaniklilik_ve_Uzun_Omur\" class=\"ez-toc-section\"><\/span>Durability and Longevity<\/h3>\n<p data-start=\"1684\" data-end=\"2072\">The glass and gasket materials used in the display determine the life of the device. Choosing a quality product significantly reduces the possibility of failure. However, regular maintenance periods are just as important. Because interrupted checks jeopardize system safety in the long run. You can examine durable and certified models in detail on <a class=\"\" href=\"https:\/\/www.unoxonline.com.tr\/en\/\" target=\"_new\" rel=\"noopener nofollow\" data-start=\"1997\" data-end=\"2027\">unoxonline<\/a>.    <\/p>\n<h3 data-start=\"2074\" data-end=\"2117\"><span id=\"Montaj_Kolayligi_ve_Yedek_Parca_Destegi\" class=\"ez-toc-section\"><\/span>Ease of Installation and Spare Parts Support<\/h3>\n<p data-start=\"2119\" data-end=\"2534\">Indicators with reflex glass are quickly installed thanks to the appropriate connection flanges. However, the sealing elements must be fully seated during assembly. Otherwise, even small leaks can cause major problems. In addition, models that can be replaced without stopping the system should be preferred. You can reach <a class=\"\" href=\"https:\/\/www.unoxonline.com.tr\/en\/contact\/\" target=\"_new\" rel=\"noopener nofollow\" data-start=\"2468\" data-end=\"2507\">unoxonline<\/a> page for expert opinion on installation and spare parts.    <\/p>\n<h3 data-start=\"2536\" data-end=\"2570\"><span id=\"Sektorel_Uyum_ve_Sertifikasyon\" class=\"ez-toc-section\"><\/span>Sectoral Harmonization and Certification<\/h3>\n<p data-start=\"2572\" data-end=\"2988\">These indicators are used in many industries such as petrochemicals, energy, food and chemicals. However, each sector requires specific safety standards. For this reason, certification documents must be questioned when choosing a reflex glass level indicator. Products that comply with European and American standards should be preferred. You can visit <a class=\"\" href=\"https:\/\/www.unoxonline.com.tr\/en\/\" target=\"_new\" rel=\"noopener nofollow\" data-start=\"2925\" data-end=\"2955\">unoxonline<\/a> for certified product categories.    <\/p>\n","protected":false},"excerpt":{"rendered":"<p><a href=\"https:\/\/unox.com.tr\/wp-content\/uploads\/2023\/01\/Refleks-Camli-Seviye-Gostergesi.pdf\" target=\"_blank\" rel=\"noopener\"><button style=\"background-color: #005baa; color: #ffffff; padding: 10px 15px; font-family: montserrat; font-weight: bold; font-size: 19px; border-radius: 10px;\"><img decoding=\"async\" style=\"width: 25px; height: 25px;\" src=\"https:\/\/unox.com.tr\/wp-content\/uploads\/2023\/02\/pdf-1.png\">PRODUCT CATALOG<\/button><\/a><\/p>\n","protected":false},"featured_media":8270,"comment_status":"closed","ping_status":"closed","template":"","meta":{"_joinchat":[]},"product_brand":[],"product_cat":[136,135,134],"product_tag":[],"class_list":{"0":"post-8421","1":"product","2":"type-product","3":"status-publish","4":"has-post-thumbnail","6":"product_cat-fire-group-control-valve","7":"product_cat-level-and-flow","8":"product_cat-level-indicator","10":"first","11":"instock","12":"taxable","13":"shipping-taxable","14":"purchasable","15":"product-type-variable"},"yoast_head":"<!-- This site is optimized with the Yoast SEO plugin v27.5 - https:\/\/yoast.com\/product\/yoast-seo-wordpress\/ -->\n<title>Unox Reflex Glass Level Indicator - Unox Vana<\/title>\n<meta name=\"description\" content=\"The reflex glass level indicator is used to directly display the liquid level in industrial liquid tanks.\" \/>\n<meta name=\"robots\" content=\"index, follow, max-snippet:-1, max-image-preview:large, max-video-preview:-1\" \/>\n<link rel=\"canonical\" href=\"https:\/\/www.unoxonline.com.tr\/en\/urun\/unox-reflex-glass-level-indicator\/\" \/>\n<meta property=\"og:locale\" content=\"en_US\" \/>\n<meta property=\"og:type\" content=\"article\" \/>\n<meta property=\"og:title\" content=\"Unox Reflex Glass Level Indicator - Unox Vana\" \/>\n<meta property=\"og:description\" content=\"The reflex glass level indicator is used to directly display the liquid level in industrial liquid tanks.\" \/>\n<meta property=\"og:url\" content=\"https:\/\/www.unoxonline.com.tr\/en\/urun\/unox-reflex-glass-level-indicator\/\" \/>\n<meta property=\"og:site_name\" content=\"Unox Vana\" \/>\n<meta property=\"og:image\" content=\"https:\/\/www.unoxonline.com.tr\/wp-content\/uploads\/2026\/01\/refleks-camli-seviye-gostergesi-1.avif\" \/>\n\t<meta property=\"og:image:width\" content=\"1920\" \/>\n\t<meta property=\"og:image:height\" content=\"1920\" \/>\n\t<meta property=\"og:image:type\" content=\"image\/webp\" \/>\n<meta name=\"twitter:card\" content=\"summary_large_image\" \/>\n<meta name=\"twitter:label1\" content=\"Est. reading time\" \/>\n\t<meta name=\"twitter:data1\" content=\"2 minutes\" \/>\n<script type=\"application\/ld+json\" class=\"yoast-schema-graph\">{\"@context\":\"https:\\\/\\\/schema.org\",\"@graph\":[{\"@type\":\"WebPage\",\"@id\":\"https:\\\/\\\/www.unoxonline.com.tr\\\/en\\\/urun\\\/unox-reflex-glass-level-indicator\\\/\",\"url\":\"https:\\\/\\\/www.unoxonline.com.tr\\\/en\\\/urun\\\/unox-reflex-glass-level-indicator\\\/\",\"name\":\"Unox Reflex Glass Level Indicator - Unox Vana\",\"isPartOf\":{\"@id\":\"https:\\\/\\\/www.unoxonline.com.tr\\\/en\\\/#website\"},\"primaryImageOfPage\":{\"@id\":\"https:\\\/\\\/www.unoxonline.com.tr\\\/en\\\/urun\\\/unox-reflex-glass-level-indicator\\\/#primaryimage\"},\"image\":{\"@id\":\"https:\\\/\\\/www.unoxonline.com.tr\\\/en\\\/urun\\\/unox-reflex-glass-level-indicator\\\/#primaryimage\"},\"thumbnailUrl\":\"https:\\\/\\\/www.unoxonline.com.tr\\\/wp-content\\\/uploads\\\/2026\\\/01\\\/refleks-camli-seviye-gostergesi-1.avif\",\"datePublished\":\"2026-01-15T08:37:37+00:00\",\"description\":\"The reflex glass level indicator is used to directly display the liquid level in industrial liquid tanks.\",\"breadcrumb\":{\"@id\":\"https:\\\/\\\/www.unoxonline.com.tr\\\/en\\\/urun\\\/unox-reflex-glass-level-indicator\\\/#breadcrumb\"},\"inLanguage\":\"en-US\",\"potentialAction\":[{\"@type\":\"ReadAction\",\"target\":[\"https:\\\/\\\/www.unoxonline.com.tr\\\/en\\\/urun\\\/unox-reflex-glass-level-indicator\\\/\"]}]},{\"@type\":\"ImageObject\",\"inLanguage\":\"en-US\",\"@id\":\"https:\\\/\\\/www.unoxonline.com.tr\\\/en\\\/urun\\\/unox-reflex-glass-level-indicator\\\/#primaryimage\",\"url\":\"https:\\\/\\\/www.unoxonline.com.tr\\\/wp-content\\\/uploads\\\/2026\\\/01\\\/refleks-camli-seviye-gostergesi-1.avif\",\"contentUrl\":\"https:\\\/\\\/www.unoxonline.com.tr\\\/wp-content\\\/uploads\\\/2026\\\/01\\\/refleks-camli-seviye-gostergesi-1.avif\",\"width\":1920,\"height\":1920},{\"@type\":\"BreadcrumbList\",\"@id\":\"https:\\\/\\\/www.unoxonline.com.tr\\\/en\\\/urun\\\/unox-reflex-glass-level-indicator\\\/#breadcrumb\",\"itemListElement\":[{\"@type\":\"ListItem\",\"position\":1,\"name\":\"Anasayfa\",\"item\":\"https:\\\/\\\/www.unoxonline.com.tr\\\/en\\\/\"},{\"@type\":\"ListItem\",\"position\":2,\"name\":\"Shop\",\"item\":\"https:\\\/\\\/www.unoxonline.com.tr\\\/magaza\\\/\"},{\"@type\":\"ListItem\",\"position\":3,\"name\":\"Unox Reflex Glass Level Indicator\"}]},{\"@type\":\"WebSite\",\"@id\":\"https:\\\/\\\/www.unoxonline.com.tr\\\/en\\\/#website\",\"url\":\"https:\\\/\\\/www.unoxonline.com.tr\\\/en\\\/\",\"name\":\"Unox Vana\",\"description\":\"Ak\u0131\u015fkan\u0131n\u0131za Y\u00f6n Verir...\",\"potentialAction\":[{\"@type\":\"SearchAction\",\"target\":{\"@type\":\"EntryPoint\",\"urlTemplate\":\"https:\\\/\\\/www.unoxonline.com.tr\\\/en\\\/?s={search_term_string}\"},\"query-input\":{\"@type\":\"PropertyValueSpecification\",\"valueRequired\":true,\"valueName\":\"search_term_string\"}}],\"inLanguage\":\"en-US\"}]}<\/script>\n<!-- \/ Yoast SEO plugin. -->","yoast_head_json":{"title":"Unox Reflex Glass Level Indicator - Unox Vana","description":"The reflex glass level indicator is used to directly display the liquid level in industrial liquid tanks.","robots":{"index":"index","follow":"follow","max-snippet":"max-snippet:-1","max-image-preview":"max-image-preview:large","max-video-preview":"max-video-preview:-1"},"canonical":"https:\/\/www.unoxonline.com.tr\/en\/urun\/unox-reflex-glass-level-indicator\/","og_locale":"en_US","og_type":"article","og_title":"Unox Reflex Glass Level Indicator - Unox Vana","og_description":"The reflex glass level indicator is used to directly display the liquid level in industrial liquid tanks.","og_url":"https:\/\/www.unoxonline.com.tr\/en\/urun\/unox-reflex-glass-level-indicator\/","og_site_name":"Unox Vana","og_image":[{"width":1920,"height":1920,"url":"https:\/\/www.unoxonline.com.tr\/wp-content\/uploads\/2026\/01\/refleks-camli-seviye-gostergesi-1.avif","type":"image\/webp"}],"twitter_card":"summary_large_image","twitter_misc":{"Est. reading time":"2 minutes"},"schema":{"@context":"https:\/\/schema.org","@graph":[{"@type":"WebPage","@id":"https:\/\/www.unoxonline.com.tr\/en\/urun\/unox-reflex-glass-level-indicator\/","url":"https:\/\/www.unoxonline.com.tr\/en\/urun\/unox-reflex-glass-level-indicator\/","name":"Unox Reflex Glass Level Indicator - Unox Vana","isPartOf":{"@id":"https:\/\/www.unoxonline.com.tr\/en\/#website"},"primaryImageOfPage":{"@id":"https:\/\/www.unoxonline.com.tr\/en\/urun\/unox-reflex-glass-level-indicator\/#primaryimage"},"image":{"@id":"https:\/\/www.unoxonline.com.tr\/en\/urun\/unox-reflex-glass-level-indicator\/#primaryimage"},"thumbnailUrl":"https:\/\/www.unoxonline.com.tr\/wp-content\/uploads\/2026\/01\/refleks-camli-seviye-gostergesi-1.avif","datePublished":"2026-01-15T08:37:37+00:00","description":"The reflex glass level indicator is used to directly display the liquid level in industrial liquid tanks.","breadcrumb":{"@id":"https:\/\/www.unoxonline.com.tr\/en\/urun\/unox-reflex-glass-level-indicator\/#breadcrumb"},"inLanguage":"en-US","potentialAction":[{"@type":"ReadAction","target":["https:\/\/www.unoxonline.com.tr\/en\/urun\/unox-reflex-glass-level-indicator\/"]}]},{"@type":"ImageObject","inLanguage":"en-US","@id":"https:\/\/www.unoxonline.com.tr\/en\/urun\/unox-reflex-glass-level-indicator\/#primaryimage","url":"https:\/\/www.unoxonline.com.tr\/wp-content\/uploads\/2026\/01\/refleks-camli-seviye-gostergesi-1.avif","contentUrl":"https:\/\/www.unoxonline.com.tr\/wp-content\/uploads\/2026\/01\/refleks-camli-seviye-gostergesi-1.avif","width":1920,"height":1920},{"@type":"BreadcrumbList","@id":"https:\/\/www.unoxonline.com.tr\/en\/urun\/unox-reflex-glass-level-indicator\/#breadcrumb","itemListElement":[{"@type":"ListItem","position":1,"name":"Anasayfa","item":"https:\/\/www.unoxonline.com.tr\/en\/"},{"@type":"ListItem","position":2,"name":"Shop","item":"https:\/\/www.unoxonline.com.tr\/magaza\/"},{"@type":"ListItem","position":3,"name":"Unox Reflex Glass Level Indicator"}]},{"@type":"WebSite","@id":"https:\/\/www.unoxonline.com.tr\/en\/#website","url":"https:\/\/www.unoxonline.com.tr\/en\/","name":"Unox Vana","description":"Ak\u0131\u015fkan\u0131n\u0131za Y\u00f6n Verir...","potentialAction":[{"@type":"SearchAction","target":{"@type":"EntryPoint","urlTemplate":"https:\/\/www.unoxonline.com.tr\/en\/?s={search_term_string}"},"query-input":{"@type":"PropertyValueSpecification","valueRequired":true,"valueName":"search_term_string"}}],"inLanguage":"en-US"}]}},"jetpack_sharing_enabled":true,"_links":{"self":[{"href":"https:\/\/www.unoxonline.com.tr\/en\/wp-json\/wp\/v2\/product\/8421","targetHints":{"allow":["GET"]}}],"collection":[{"href":"https:\/\/www.unoxonline.com.tr\/en\/wp-json\/wp\/v2\/product"}],"about":[{"href":"https:\/\/www.unoxonline.com.tr\/en\/wp-json\/wp\/v2\/types\/product"}],"replies":[{"embeddable":true,"href":"https:\/\/www.unoxonline.com.tr\/en\/wp-json\/wp\/v2\/comments?post=8421"}],"wp:featuredmedia":[{"embeddable":true,"href":"https:\/\/www.unoxonline.com.tr\/en\/wp-json\/wp\/v2\/media\/8270"}],"wp:attachment":[{"href":"https:\/\/www.unoxonline.com.tr\/en\/wp-json\/wp\/v2\/media?parent=8421"}],"wp:term":[{"taxonomy":"product_brand","embeddable":true,"href":"https:\/\/www.unoxonline.com.tr\/en\/wp-json\/wp\/v2\/product_brand?post=8421"},{"taxonomy":"product_cat","embeddable":true,"href":"https:\/\/www.unoxonline.com.tr\/en\/wp-json\/wp\/v2\/product_cat?post=8421"},{"taxonomy":"product_tag","embeddable":true,"href":"https:\/\/www.unoxonline.com.tr\/en\/wp-json\/wp\/v2\/product_tag?post=8421"}],"curies":[{"name":"wp","href":"https:\/\/api.w.org\/{rel}","templated":true}]}}