{"id":8451,"date":"2026-01-14T10:49:29","date_gmt":"2026-01-14T07:49:29","guid":{"rendered":"https:\/\/www.unoxonline.com.tr\/urun\/single-acting-pneumatic-actuated-stainless-flanged-valve-3-piece\/"},"modified":"2026-01-14T10:49:29","modified_gmt":"2026-01-14T07:49:29","slug":"single-acting-pneumatic-actuated-stainless-flanged-valve-3-piece","status":"publish","type":"product","link":"https:\/\/www.unoxonline.com.tr\/en\/urun\/single-acting-pneumatic-actuated-stainless-flanged-valve-3-piece\/","title":{"rendered":"Single Acting Pneumatic Actuated Stainless Flanged Valve 3 Piece"},"content":{"rendered":"<p data-start=\"137\" data-end=\"533\">The stainless flanged valve (3-piece) with single acting pneumatic actuator is a modern solution for industrial fluid control offering high performance and long life. Thanks to its three-piece design, the valve facilitates maintenance and cleaning, while the pneumatic actuator opens and closes the valve quickly and safely with compressed air. When the power is cut off, the valve returns to its safe position thanks to the spring mechanism.  <\/p>\n<p data-start=\"535\" data-end=\"562\"><strong data-start=\"535\" data-end=\"560\">Highlights:<\/strong><\/p>\n<ul data-start=\"563\" data-end=\"997\">\n<li data-start=\"563\" data-end=\"651\">\n<p data-start=\"565\" data-end=\"651\"><strong data-start=\"565\" data-end=\"577\">Material:<\/strong> High quality stainless steel, corrosion and wear resistant.<\/p>\n<\/li>\n<li data-start=\"652\" data-end=\"725\">\n<p data-start=\"654\" data-end=\"725\"><strong data-start=\"654\" data-end=\"666\">Design:<\/strong> 3-piece flanged housing facilitates maintenance and installation.<\/p>\n<\/li>\n<li data-start=\"726\" data-end=\"815\">\n<p data-start=\"728\" data-end=\"815\"><strong data-start=\"728\" data-end=\"746\">Actuator Type:<\/strong> Single acting pneumatic actuator provides safe and fast on\/off.<\/p>\n<\/li>\n<li data-start=\"816\" data-end=\"903\">\n<p data-start=\"818\" data-end=\"903\"><strong data-start=\"818\" data-end=\"840\">Areas of Use:<\/strong> Suitable for water, chemical, food, beverage and oil fluids.<\/p>\n<\/li>\n<li data-start=\"904\" data-end=\"997\">\n<p data-start=\"906\" data-end=\"997\"><strong data-start=\"906\" data-end=\"924\">Connection Type:<\/strong> Flanged connections ensure leak-tight and secure installation integration.<\/p>\n<\/li>\n<\/ul>\n<p data-start=\"999\" data-end=\"1124\">This valve is an ideal choice for industrial applications seeking flexible flow control, durability and reliable performance.<\/p>\n","protected":false},"excerpt":{"rendered":"<p><a href=\"https:\/\/unox.com.tr\/wp-content\/uploads\/2022\/12\/PNOMATIK-AKTUATORLU-FLANSLI-KURESEL-VANA.pdf\" target=\"_blank\" rel=\"noopener\"><button style=\"background-color: #005baa; color: #ffffff; padding: 10px 15px; font-family: montserrat; font-weight: bold; font-size: 19px; border-radius: 10px;\"><img decoding=\"async\" style=\"width: 25px; height: 25px;\" src=\"https:\/\/unox.com.tr\/wp-content\/uploads\/2023\/02\/pdf-1.png\">PRODUCT CATALOG<\/button><\/a><\/p>\n","protected":false},"featured_media":1377,"comment_status":"closed","ping_status":"closed","template":"","meta":{"_joinchat":[]},"product_brand":[],"product_cat":[129,139],"product_tag":[],"class_list":{"0":"post-8451","1":"product","2":"type-product","3":"status-publish","4":"has-post-thumbnail","6":"product_cat-actuator-valve","7":"product_cat-pneumatic-valve","9":"first","10":"instock","11":"taxable","12":"shipping-taxable","13":"purchasable","14":"product-type-variable"},"yoast_head":"<!-- This site is optimized with the Yoast SEO plugin v27.5 - https:\/\/yoast.com\/product\/yoast-seo-wordpress\/ -->\n<title>Single Acting Pneumatic Actuated Stainless Flanged Valve 3 Piece<\/title>\n<meta name=\"description\" content=\"Single Acting Pneumatic Actuated Stainless Flanged Ball Valve 3 Piece is a type of high performance valve that is frequently preferred in industrial plants.\" \/>\n<meta name=\"robots\" content=\"index, follow, max-snippet:-1, max-image-preview:large, max-video-preview:-1\" \/>\n<link rel=\"canonical\" href=\"https:\/\/www.unoxonline.com.tr\/en\/urun\/single-acting-pneumatic-actuated-stainless-flanged-valve-3-piece\/\" \/>\n<meta property=\"og:locale\" content=\"en_US\" \/>\n<meta property=\"og:type\" content=\"article\" \/>\n<meta property=\"og:title\" content=\"Single Acting Pneumatic Actuated Stainless Flanged Valve 3 Piece\" \/>\n<meta property=\"og:description\" content=\"Single Acting Pneumatic Actuated Stainless Flanged Ball Valve 3 Piece is a type of high performance valve that is frequently preferred in industrial plants.\" \/>\n<meta property=\"og:url\" content=\"https:\/\/www.unoxonline.com.tr\/en\/urun\/single-acting-pneumatic-actuated-stainless-flanged-valve-3-piece\/\" \/>\n<meta property=\"og:site_name\" content=\"Unox Vana\" \/>\n<meta property=\"og:image\" content=\"https:\/\/i0.wp.com\/www.unoxonline.com.tr\/wp-content\/uploads\/2024\/11\/pnomatik-aktuatorlu-3-parcali-flansli-kuresel-vana.jpg?fit=1000%2C1000&ssl=1\" \/>\n\t<meta property=\"og:image:width\" content=\"1000\" \/>\n\t<meta property=\"og:image:height\" content=\"1000\" \/>\n\t<meta property=\"og:image:type\" content=\"image\/jpeg\" \/>\n<meta name=\"twitter:card\" content=\"summary_large_image\" \/>\n<meta name=\"twitter:label1\" content=\"Est. reading time\" \/>\n\t<meta name=\"twitter:data1\" content=\"1 minute\" \/>\n<script type=\"application\/ld+json\" class=\"yoast-schema-graph\">{\"@context\":\"https:\\\/\\\/schema.org\",\"@graph\":[{\"@type\":\"WebPage\",\"@id\":\"https:\\\/\\\/www.unoxonline.com.tr\\\/en\\\/urun\\\/single-acting-pneumatic-actuated-stainless-flanged-valve-3-piece\\\/\",\"url\":\"https:\\\/\\\/www.unoxonline.com.tr\\\/en\\\/urun\\\/single-acting-pneumatic-actuated-stainless-flanged-valve-3-piece\\\/\",\"name\":\"Single Acting Pneumatic Actuated Stainless Flanged Valve 3 Piece\",\"isPartOf\":{\"@id\":\"https:\\\/\\\/www.unoxonline.com.tr\\\/en\\\/#website\"},\"primaryImageOfPage\":{\"@id\":\"https:\\\/\\\/www.unoxonline.com.tr\\\/en\\\/urun\\\/single-acting-pneumatic-actuated-stainless-flanged-valve-3-piece\\\/#primaryimage\"},\"image\":{\"@id\":\"https:\\\/\\\/www.unoxonline.com.tr\\\/en\\\/urun\\\/single-acting-pneumatic-actuated-stainless-flanged-valve-3-piece\\\/#primaryimage\"},\"thumbnailUrl\":\"https:\\\/\\\/i0.wp.com\\\/www.unoxonline.com.tr\\\/wp-content\\\/uploads\\\/2024\\\/11\\\/pnomatik-aktuatorlu-3-parcali-flansli-kuresel-vana.jpg?fit=1000%2C1000&ssl=1\",\"datePublished\":\"2026-01-14T07:49:29+00:00\",\"description\":\"Single Acting Pneumatic Actuated Stainless Flanged Ball Valve 3 Piece is a type of high performance valve that is frequently preferred in industrial plants.\",\"breadcrumb\":{\"@id\":\"https:\\\/\\\/www.unoxonline.com.tr\\\/en\\\/urun\\\/single-acting-pneumatic-actuated-stainless-flanged-valve-3-piece\\\/#breadcrumb\"},\"inLanguage\":\"en-US\",\"potentialAction\":[{\"@type\":\"ReadAction\",\"target\":[\"https:\\\/\\\/www.unoxonline.com.tr\\\/en\\\/urun\\\/single-acting-pneumatic-actuated-stainless-flanged-valve-3-piece\\\/\"]}]},{\"@type\":\"ImageObject\",\"inLanguage\":\"en-US\",\"@id\":\"https:\\\/\\\/www.unoxonline.com.tr\\\/en\\\/urun\\\/single-acting-pneumatic-actuated-stainless-flanged-valve-3-piece\\\/#primaryimage\",\"url\":\"https:\\\/\\\/i0.wp.com\\\/www.unoxonline.com.tr\\\/wp-content\\\/uploads\\\/2024\\\/11\\\/pnomatik-aktuatorlu-3-parcali-flansli-kuresel-vana.jpg?fit=1000%2C1000&ssl=1\",\"contentUrl\":\"https:\\\/\\\/i0.wp.com\\\/www.unoxonline.com.tr\\\/wp-content\\\/uploads\\\/2024\\\/11\\\/pnomatik-aktuatorlu-3-parcali-flansli-kuresel-vana.jpg?fit=1000%2C1000&ssl=1\",\"width\":1000,\"height\":1000},{\"@type\":\"BreadcrumbList\",\"@id\":\"https:\\\/\\\/www.unoxonline.com.tr\\\/en\\\/urun\\\/single-acting-pneumatic-actuated-stainless-flanged-valve-3-piece\\\/#breadcrumb\",\"itemListElement\":[{\"@type\":\"ListItem\",\"position\":1,\"name\":\"Anasayfa\",\"item\":\"https:\\\/\\\/www.unoxonline.com.tr\\\/en\\\/\"},{\"@type\":\"ListItem\",\"position\":2,\"name\":\"Shop\",\"item\":\"https:\\\/\\\/www.unoxonline.com.tr\\\/magaza\\\/\"},{\"@type\":\"ListItem\",\"position\":3,\"name\":\"Single Acting Pneumatic Actuated Stainless Flanged Valve 3 Piece\"}]},{\"@type\":\"WebSite\",\"@id\":\"https:\\\/\\\/www.unoxonline.com.tr\\\/en\\\/#website\",\"url\":\"https:\\\/\\\/www.unoxonline.com.tr\\\/en\\\/\",\"name\":\"Unox Vana\",\"description\":\"Ak\u0131\u015fkan\u0131n\u0131za Y\u00f6n Verir...\",\"potentialAction\":[{\"@type\":\"SearchAction\",\"target\":{\"@type\":\"EntryPoint\",\"urlTemplate\":\"https:\\\/\\\/www.unoxonline.com.tr\\\/en\\\/?s={search_term_string}\"},\"query-input\":{\"@type\":\"PropertyValueSpecification\",\"valueRequired\":true,\"valueName\":\"search_term_string\"}}],\"inLanguage\":\"en-US\"}]}<\/script>\n<!-- \/ Yoast SEO plugin. -->","yoast_head_json":{"title":"Single Acting Pneumatic Actuated Stainless Flanged Valve 3 Piece","description":"Single Acting Pneumatic Actuated Stainless Flanged Ball Valve 3 Piece is a type of high performance valve that is frequently preferred in industrial plants.","robots":{"index":"index","follow":"follow","max-snippet":"max-snippet:-1","max-image-preview":"max-image-preview:large","max-video-preview":"max-video-preview:-1"},"canonical":"https:\/\/www.unoxonline.com.tr\/en\/urun\/single-acting-pneumatic-actuated-stainless-flanged-valve-3-piece\/","og_locale":"en_US","og_type":"article","og_title":"Single Acting Pneumatic Actuated Stainless Flanged Valve 3 Piece","og_description":"Single Acting Pneumatic Actuated Stainless Flanged Ball Valve 3 Piece is a type of high performance valve that is frequently preferred in industrial plants.","og_url":"https:\/\/www.unoxonline.com.tr\/en\/urun\/single-acting-pneumatic-actuated-stainless-flanged-valve-3-piece\/","og_site_name":"Unox Vana","og_image":[{"width":1000,"height":1000,"url":"https:\/\/i0.wp.com\/www.unoxonline.com.tr\/wp-content\/uploads\/2024\/11\/pnomatik-aktuatorlu-3-parcali-flansli-kuresel-vana.jpg?fit=1000%2C1000&ssl=1","type":"image\/jpeg"}],"twitter_card":"summary_large_image","twitter_misc":{"Est. reading time":"1 minute"},"schema":{"@context":"https:\/\/schema.org","@graph":[{"@type":"WebPage","@id":"https:\/\/www.unoxonline.com.tr\/en\/urun\/single-acting-pneumatic-actuated-stainless-flanged-valve-3-piece\/","url":"https:\/\/www.unoxonline.com.tr\/en\/urun\/single-acting-pneumatic-actuated-stainless-flanged-valve-3-piece\/","name":"Single Acting Pneumatic Actuated Stainless Flanged Valve 3 Piece","isPartOf":{"@id":"https:\/\/www.unoxonline.com.tr\/en\/#website"},"primaryImageOfPage":{"@id":"https:\/\/www.unoxonline.com.tr\/en\/urun\/single-acting-pneumatic-actuated-stainless-flanged-valve-3-piece\/#primaryimage"},"image":{"@id":"https:\/\/www.unoxonline.com.tr\/en\/urun\/single-acting-pneumatic-actuated-stainless-flanged-valve-3-piece\/#primaryimage"},"thumbnailUrl":"https:\/\/i0.wp.com\/www.unoxonline.com.tr\/wp-content\/uploads\/2024\/11\/pnomatik-aktuatorlu-3-parcali-flansli-kuresel-vana.jpg?fit=1000%2C1000&ssl=1","datePublished":"2026-01-14T07:49:29+00:00","description":"Single Acting Pneumatic Actuated Stainless Flanged Ball Valve 3 Piece is a type of high performance valve that is frequently preferred in industrial plants.","breadcrumb":{"@id":"https:\/\/www.unoxonline.com.tr\/en\/urun\/single-acting-pneumatic-actuated-stainless-flanged-valve-3-piece\/#breadcrumb"},"inLanguage":"en-US","potentialAction":[{"@type":"ReadAction","target":["https:\/\/www.unoxonline.com.tr\/en\/urun\/single-acting-pneumatic-actuated-stainless-flanged-valve-3-piece\/"]}]},{"@type":"ImageObject","inLanguage":"en-US","@id":"https:\/\/www.unoxonline.com.tr\/en\/urun\/single-acting-pneumatic-actuated-stainless-flanged-valve-3-piece\/#primaryimage","url":"https:\/\/i0.wp.com\/www.unoxonline.com.tr\/wp-content\/uploads\/2024\/11\/pnomatik-aktuatorlu-3-parcali-flansli-kuresel-vana.jpg?fit=1000%2C1000&ssl=1","contentUrl":"https:\/\/i0.wp.com\/www.unoxonline.com.tr\/wp-content\/uploads\/2024\/11\/pnomatik-aktuatorlu-3-parcali-flansli-kuresel-vana.jpg?fit=1000%2C1000&ssl=1","width":1000,"height":1000},{"@type":"BreadcrumbList","@id":"https:\/\/www.unoxonline.com.tr\/en\/urun\/single-acting-pneumatic-actuated-stainless-flanged-valve-3-piece\/#breadcrumb","itemListElement":[{"@type":"ListItem","position":1,"name":"Anasayfa","item":"https:\/\/www.unoxonline.com.tr\/en\/"},{"@type":"ListItem","position":2,"name":"Shop","item":"https:\/\/www.unoxonline.com.tr\/magaza\/"},{"@type":"ListItem","position":3,"name":"Single Acting Pneumatic Actuated Stainless Flanged Valve 3 Piece"}]},{"@type":"WebSite","@id":"https:\/\/www.unoxonline.com.tr\/en\/#website","url":"https:\/\/www.unoxonline.com.tr\/en\/","name":"Unox Vana","description":"Ak\u0131\u015fkan\u0131n\u0131za Y\u00f6n Verir...","potentialAction":[{"@type":"SearchAction","target":{"@type":"EntryPoint","urlTemplate":"https:\/\/www.unoxonline.com.tr\/en\/?s={search_term_string}"},"query-input":{"@type":"PropertyValueSpecification","valueRequired":true,"valueName":"search_term_string"}}],"inLanguage":"en-US"}]}},"jetpack_sharing_enabled":true,"_links":{"self":[{"href":"https:\/\/www.unoxonline.com.tr\/en\/wp-json\/wp\/v2\/product\/8451","targetHints":{"allow":["GET"]}}],"collection":[{"href":"https:\/\/www.unoxonline.com.tr\/en\/wp-json\/wp\/v2\/product"}],"about":[{"href":"https:\/\/www.unoxonline.com.tr\/en\/wp-json\/wp\/v2\/types\/product"}],"replies":[{"embeddable":true,"href":"https:\/\/www.unoxonline.com.tr\/en\/wp-json\/wp\/v2\/comments?post=8451"}],"wp:featuredmedia":[{"embeddable":true,"href":"https:\/\/www.unoxonline.com.tr\/en\/wp-json\/wp\/v2\/media\/1377"}],"wp:attachment":[{"href":"https:\/\/www.unoxonline.com.tr\/en\/wp-json\/wp\/v2\/media?parent=8451"}],"wp:term":[{"taxonomy":"product_brand","embeddable":true,"href":"https:\/\/www.unoxonline.com.tr\/en\/wp-json\/wp\/v2\/product_brand?post=8451"},{"taxonomy":"product_cat","embeddable":true,"href":"https:\/\/www.unoxonline.com.tr\/en\/wp-json\/wp\/v2\/product_cat?post=8451"},{"taxonomy":"product_tag","embeddable":true,"href":"https:\/\/www.unoxonline.com.tr\/en\/wp-json\/wp\/v2\/product_tag?post=8451"}],"curies":[{"name":"wp","href":"https:\/\/api.w.org\/{rel}","templated":true}]}}