{"id":8473,"date":"2026-01-14T10:35:33","date_gmt":"2026-01-14T07:35:33","guid":{"rendered":"https:\/\/www.unoxonline.com.tr\/urun\/single-acting-pneumatic-actuated-stainless-threaded-ball-valve-3-way\/"},"modified":"2026-01-14T10:35:33","modified_gmt":"2026-01-14T07:35:33","slug":"single-acting-pneumatic-actuated-stainless-threaded-ball-valve-3-way","status":"publish","type":"product","link":"https:\/\/www.unoxonline.com.tr\/en\/urun\/single-acting-pneumatic-actuated-stainless-threaded-ball-valve-3-way\/","title":{"rendered":"Single Acting Pneumatic Actuated Stainless Threaded Ball Valve 3 Way"},"content":{"rendered":"<p data-start=\"104\" data-end=\"126\"><strong data-start=\"104\" data-end=\"124\">Product Description:<\/strong><\/p>\n<p data-start=\"128\" data-end=\"565\">The single acting pneumatic actuated stainless threaded ball valve (3-way) offers a high performance solution designed to easily control flow direction and distribution in industrial plants. The 3-way design allows multiple lines to be managed with a single valve. The pneumatic actuator opens and closes the valve quickly and safely with compressed air; when de-energized, the valve returns to its safe position thanks to the spring mechanism.  <\/p>\n<p data-start=\"567\" data-end=\"594\"><strong data-start=\"567\" data-end=\"592\">Highlights:<\/strong><\/p>\n<ul data-start=\"595\" data-end=\"999\">\n<li data-start=\"595\" data-end=\"671\">\n<p data-start=\"597\" data-end=\"671\"><strong data-start=\"597\" data-end=\"609\">Material:<\/strong> High quality stainless steel, corrosion resistant.<\/p>\n<\/li>\n<li data-start=\"672\" data-end=\"752\">\n<p data-start=\"674\" data-end=\"752\"><strong data-start=\"674\" data-end=\"686\">Design:<\/strong> 3-way construction allows to control different flow directions.<\/p>\n<\/li>\n<li data-start=\"753\" data-end=\"826\">\n<p data-start=\"755\" data-end=\"826\"><strong data-start=\"755\" data-end=\"773\">Actuator Type:<\/strong> Single acting pneumatic, fast and safe on\/off.<\/p>\n<\/li>\n<li data-start=\"827\" data-end=\"914\">\n<p data-start=\"829\" data-end=\"914\"><strong data-start=\"829\" data-end=\"851\">Areas of Use:<\/strong> Suitable for water, chemical, food, beverage and oil fluids.<\/p>\n<\/li>\n<li data-start=\"915\" data-end=\"999\">\n<p data-start=\"917\" data-end=\"999\"><strong data-start=\"917\" data-end=\"935\">Connection Type:<\/strong> Threaded connections ensure easy and leak-proof installation.<\/p>\n<\/li>\n<\/ul>\n<p data-start=\"1001\" data-end=\"1134\">This valve is an ideal choice for industrial applications looking for flexible flow control, long service life and reliable performance.<\/p>\n","protected":false},"excerpt":{"rendered":"<p><a href=\"https:\/\/unox.com.tr\/wp-content\/uploads\/2022\/12\/PNOMATIK-AKTUATORLU-DISLI-KURESEL-VANA.pdf\" target=\"_blank\" rel=\"noopener\"><button style=\"background-color: #005baa; color: #ffffff; padding: 10px 15px; font-family: montserrat; font-weight: bold; font-size: 19px; border-radius: 10px;\"><img decoding=\"async\" style=\"width: 25px; height: 25px;\" src=\"https:\/\/unox.com.tr\/wp-content\/uploads\/2023\/02\/pdf-1.png\">PRODUCT CATALOG<\/button><\/a><\/p>\n","protected":false},"featured_media":1332,"comment_status":"closed","ping_status":"closed","template":"","meta":{"_joinchat":[]},"product_brand":[],"product_cat":[129,139],"product_tag":[],"class_list":{"0":"post-8473","1":"product","2":"type-product","3":"status-publish","4":"has-post-thumbnail","6":"product_cat-actuator-valve","7":"product_cat-pneumatic-valve","9":"first","10":"instock","11":"taxable","12":"shipping-taxable","13":"purchasable","14":"product-type-variable"},"yoast_head":"<!-- This site is optimized with the Yoast SEO plugin v27.5 - https:\/\/yoast.com\/product\/yoast-seo-wordpress\/ -->\n<title>Single Acting Pneumatic Actuated Stainless Threaded Ball Valve 3 Way<\/title>\n<meta name=\"description\" content=\"Single Acting Pneumatic Actuated Stainless Threaded Ball Valve 3-Way offers high performance in industrial fluid control.\" \/>\n<meta name=\"robots\" content=\"index, follow, max-snippet:-1, max-image-preview:large, max-video-preview:-1\" \/>\n<link rel=\"canonical\" href=\"https:\/\/www.unoxonline.com.tr\/en\/urun\/single-acting-pneumatic-actuated-stainless-threaded-ball-valve-3-way\/\" \/>\n<meta property=\"og:locale\" content=\"en_US\" \/>\n<meta property=\"og:type\" content=\"article\" \/>\n<meta property=\"og:title\" content=\"Single Acting Pneumatic Actuated Stainless Threaded Ball Valve 3 Way\" \/>\n<meta property=\"og:description\" content=\"Single Acting Pneumatic Actuated Stainless Threaded Ball Valve 3-Way offers high performance in industrial fluid control.\" \/>\n<meta property=\"og:url\" content=\"https:\/\/www.unoxonline.com.tr\/en\/urun\/single-acting-pneumatic-actuated-stainless-threaded-ball-valve-3-way\/\" \/>\n<meta property=\"og:site_name\" content=\"Unox Vana\" \/>\n<meta property=\"og:image\" content=\"https:\/\/i0.wp.com\/www.unoxonline.com.tr\/wp-content\/uploads\/2024\/11\/3-yollu-scaled.jpg?fit=2560%2C1716&ssl=1\" \/>\n\t<meta property=\"og:image:width\" content=\"2560\" \/>\n\t<meta property=\"og:image:height\" content=\"1716\" \/>\n\t<meta property=\"og:image:type\" content=\"image\/jpeg\" \/>\n<meta name=\"twitter:card\" content=\"summary_large_image\" \/>\n<meta name=\"twitter:label1\" content=\"Est. reading time\" \/>\n\t<meta name=\"twitter:data1\" content=\"1 minute\" \/>\n<script type=\"application\/ld+json\" class=\"yoast-schema-graph\">{\"@context\":\"https:\\\/\\\/schema.org\",\"@graph\":[{\"@type\":\"WebPage\",\"@id\":\"https:\\\/\\\/www.unoxonline.com.tr\\\/en\\\/urun\\\/single-acting-pneumatic-actuated-stainless-threaded-ball-valve-3-way\\\/\",\"url\":\"https:\\\/\\\/www.unoxonline.com.tr\\\/en\\\/urun\\\/single-acting-pneumatic-actuated-stainless-threaded-ball-valve-3-way\\\/\",\"name\":\"Single Acting Pneumatic Actuated Stainless Threaded Ball Valve 3 Way\",\"isPartOf\":{\"@id\":\"https:\\\/\\\/www.unoxonline.com.tr\\\/en\\\/#website\"},\"primaryImageOfPage\":{\"@id\":\"https:\\\/\\\/www.unoxonline.com.tr\\\/en\\\/urun\\\/single-acting-pneumatic-actuated-stainless-threaded-ball-valve-3-way\\\/#primaryimage\"},\"image\":{\"@id\":\"https:\\\/\\\/www.unoxonline.com.tr\\\/en\\\/urun\\\/single-acting-pneumatic-actuated-stainless-threaded-ball-valve-3-way\\\/#primaryimage\"},\"thumbnailUrl\":\"https:\\\/\\\/i0.wp.com\\\/www.unoxonline.com.tr\\\/wp-content\\\/uploads\\\/2024\\\/11\\\/3-yollu-scaled.jpg?fit=2560%2C1716&ssl=1\",\"datePublished\":\"2026-01-14T07:35:33+00:00\",\"description\":\"Single Acting Pneumatic Actuated Stainless Threaded Ball Valve 3-Way offers high performance in industrial fluid control.\",\"breadcrumb\":{\"@id\":\"https:\\\/\\\/www.unoxonline.com.tr\\\/en\\\/urun\\\/single-acting-pneumatic-actuated-stainless-threaded-ball-valve-3-way\\\/#breadcrumb\"},\"inLanguage\":\"en-US\",\"potentialAction\":[{\"@type\":\"ReadAction\",\"target\":[\"https:\\\/\\\/www.unoxonline.com.tr\\\/en\\\/urun\\\/single-acting-pneumatic-actuated-stainless-threaded-ball-valve-3-way\\\/\"]}]},{\"@type\":\"ImageObject\",\"inLanguage\":\"en-US\",\"@id\":\"https:\\\/\\\/www.unoxonline.com.tr\\\/en\\\/urun\\\/single-acting-pneumatic-actuated-stainless-threaded-ball-valve-3-way\\\/#primaryimage\",\"url\":\"https:\\\/\\\/i0.wp.com\\\/www.unoxonline.com.tr\\\/wp-content\\\/uploads\\\/2024\\\/11\\\/3-yollu-scaled.jpg?fit=2560%2C1716&ssl=1\",\"contentUrl\":\"https:\\\/\\\/i0.wp.com\\\/www.unoxonline.com.tr\\\/wp-content\\\/uploads\\\/2024\\\/11\\\/3-yollu-scaled.jpg?fit=2560%2C1716&ssl=1\",\"width\":2560,\"height\":1716},{\"@type\":\"BreadcrumbList\",\"@id\":\"https:\\\/\\\/www.unoxonline.com.tr\\\/en\\\/urun\\\/single-acting-pneumatic-actuated-stainless-threaded-ball-valve-3-way\\\/#breadcrumb\",\"itemListElement\":[{\"@type\":\"ListItem\",\"position\":1,\"name\":\"Anasayfa\",\"item\":\"https:\\\/\\\/www.unoxonline.com.tr\\\/en\\\/\"},{\"@type\":\"ListItem\",\"position\":2,\"name\":\"Shop\",\"item\":\"https:\\\/\\\/www.unoxonline.com.tr\\\/magaza\\\/\"},{\"@type\":\"ListItem\",\"position\":3,\"name\":\"Single Acting Pneumatic Actuated Stainless Threaded Ball Valve 3 Way\"}]},{\"@type\":\"WebSite\",\"@id\":\"https:\\\/\\\/www.unoxonline.com.tr\\\/en\\\/#website\",\"url\":\"https:\\\/\\\/www.unoxonline.com.tr\\\/en\\\/\",\"name\":\"Unox Vana\",\"description\":\"Ak\u0131\u015fkan\u0131n\u0131za Y\u00f6n Verir...\",\"potentialAction\":[{\"@type\":\"SearchAction\",\"target\":{\"@type\":\"EntryPoint\",\"urlTemplate\":\"https:\\\/\\\/www.unoxonline.com.tr\\\/en\\\/?s={search_term_string}\"},\"query-input\":{\"@type\":\"PropertyValueSpecification\",\"valueRequired\":true,\"valueName\":\"search_term_string\"}}],\"inLanguage\":\"en-US\"}]}<\/script>\n<!-- \/ Yoast SEO plugin. -->","yoast_head_json":{"title":"Single Acting Pneumatic Actuated Stainless Threaded Ball Valve 3 Way","description":"Single Acting Pneumatic Actuated Stainless Threaded Ball Valve 3-Way offers high performance in industrial fluid control.","robots":{"index":"index","follow":"follow","max-snippet":"max-snippet:-1","max-image-preview":"max-image-preview:large","max-video-preview":"max-video-preview:-1"},"canonical":"https:\/\/www.unoxonline.com.tr\/en\/urun\/single-acting-pneumatic-actuated-stainless-threaded-ball-valve-3-way\/","og_locale":"en_US","og_type":"article","og_title":"Single Acting Pneumatic Actuated Stainless Threaded Ball Valve 3 Way","og_description":"Single Acting Pneumatic Actuated Stainless Threaded Ball Valve 3-Way offers high performance in industrial fluid control.","og_url":"https:\/\/www.unoxonline.com.tr\/en\/urun\/single-acting-pneumatic-actuated-stainless-threaded-ball-valve-3-way\/","og_site_name":"Unox Vana","og_image":[{"width":2560,"height":1716,"url":"https:\/\/i0.wp.com\/www.unoxonline.com.tr\/wp-content\/uploads\/2024\/11\/3-yollu-scaled.jpg?fit=2560%2C1716&ssl=1","type":"image\/jpeg"}],"twitter_card":"summary_large_image","twitter_misc":{"Est. reading time":"1 minute"},"schema":{"@context":"https:\/\/schema.org","@graph":[{"@type":"WebPage","@id":"https:\/\/www.unoxonline.com.tr\/en\/urun\/single-acting-pneumatic-actuated-stainless-threaded-ball-valve-3-way\/","url":"https:\/\/www.unoxonline.com.tr\/en\/urun\/single-acting-pneumatic-actuated-stainless-threaded-ball-valve-3-way\/","name":"Single Acting Pneumatic Actuated Stainless Threaded Ball Valve 3 Way","isPartOf":{"@id":"https:\/\/www.unoxonline.com.tr\/en\/#website"},"primaryImageOfPage":{"@id":"https:\/\/www.unoxonline.com.tr\/en\/urun\/single-acting-pneumatic-actuated-stainless-threaded-ball-valve-3-way\/#primaryimage"},"image":{"@id":"https:\/\/www.unoxonline.com.tr\/en\/urun\/single-acting-pneumatic-actuated-stainless-threaded-ball-valve-3-way\/#primaryimage"},"thumbnailUrl":"https:\/\/i0.wp.com\/www.unoxonline.com.tr\/wp-content\/uploads\/2024\/11\/3-yollu-scaled.jpg?fit=2560%2C1716&ssl=1","datePublished":"2026-01-14T07:35:33+00:00","description":"Single Acting Pneumatic Actuated Stainless Threaded Ball Valve 3-Way offers high performance in industrial fluid control.","breadcrumb":{"@id":"https:\/\/www.unoxonline.com.tr\/en\/urun\/single-acting-pneumatic-actuated-stainless-threaded-ball-valve-3-way\/#breadcrumb"},"inLanguage":"en-US","potentialAction":[{"@type":"ReadAction","target":["https:\/\/www.unoxonline.com.tr\/en\/urun\/single-acting-pneumatic-actuated-stainless-threaded-ball-valve-3-way\/"]}]},{"@type":"ImageObject","inLanguage":"en-US","@id":"https:\/\/www.unoxonline.com.tr\/en\/urun\/single-acting-pneumatic-actuated-stainless-threaded-ball-valve-3-way\/#primaryimage","url":"https:\/\/i0.wp.com\/www.unoxonline.com.tr\/wp-content\/uploads\/2024\/11\/3-yollu-scaled.jpg?fit=2560%2C1716&ssl=1","contentUrl":"https:\/\/i0.wp.com\/www.unoxonline.com.tr\/wp-content\/uploads\/2024\/11\/3-yollu-scaled.jpg?fit=2560%2C1716&ssl=1","width":2560,"height":1716},{"@type":"BreadcrumbList","@id":"https:\/\/www.unoxonline.com.tr\/en\/urun\/single-acting-pneumatic-actuated-stainless-threaded-ball-valve-3-way\/#breadcrumb","itemListElement":[{"@type":"ListItem","position":1,"name":"Anasayfa","item":"https:\/\/www.unoxonline.com.tr\/en\/"},{"@type":"ListItem","position":2,"name":"Shop","item":"https:\/\/www.unoxonline.com.tr\/magaza\/"},{"@type":"ListItem","position":3,"name":"Single Acting Pneumatic Actuated Stainless Threaded Ball Valve 3 Way"}]},{"@type":"WebSite","@id":"https:\/\/www.unoxonline.com.tr\/en\/#website","url":"https:\/\/www.unoxonline.com.tr\/en\/","name":"Unox Vana","description":"Ak\u0131\u015fkan\u0131n\u0131za Y\u00f6n Verir...","potentialAction":[{"@type":"SearchAction","target":{"@type":"EntryPoint","urlTemplate":"https:\/\/www.unoxonline.com.tr\/en\/?s={search_term_string}"},"query-input":{"@type":"PropertyValueSpecification","valueRequired":true,"valueName":"search_term_string"}}],"inLanguage":"en-US"}]}},"jetpack_sharing_enabled":true,"_links":{"self":[{"href":"https:\/\/www.unoxonline.com.tr\/en\/wp-json\/wp\/v2\/product\/8473","targetHints":{"allow":["GET"]}}],"collection":[{"href":"https:\/\/www.unoxonline.com.tr\/en\/wp-json\/wp\/v2\/product"}],"about":[{"href":"https:\/\/www.unoxonline.com.tr\/en\/wp-json\/wp\/v2\/types\/product"}],"replies":[{"embeddable":true,"href":"https:\/\/www.unoxonline.com.tr\/en\/wp-json\/wp\/v2\/comments?post=8473"}],"wp:featuredmedia":[{"embeddable":true,"href":"https:\/\/www.unoxonline.com.tr\/en\/wp-json\/wp\/v2\/media\/1332"}],"wp:attachment":[{"href":"https:\/\/www.unoxonline.com.tr\/en\/wp-json\/wp\/v2\/media?parent=8473"}],"wp:term":[{"taxonomy":"product_brand","embeddable":true,"href":"https:\/\/www.unoxonline.com.tr\/en\/wp-json\/wp\/v2\/product_brand?post=8473"},{"taxonomy":"product_cat","embeddable":true,"href":"https:\/\/www.unoxonline.com.tr\/en\/wp-json\/wp\/v2\/product_cat?post=8473"},{"taxonomy":"product_tag","embeddable":true,"href":"https:\/\/www.unoxonline.com.tr\/en\/wp-json\/wp\/v2\/product_tag?post=8473"}],"curies":[{"name":"wp","href":"https:\/\/api.w.org\/{rel}","templated":true}]}}