{"id":9549,"date":"2024-11-22T17:30:49","date_gmt":"2024-11-22T14:30:49","guid":{"rendered":"https:\/\/www.unoxonline.com.tr\/urun\/pneumatic-and-hand-operated-bottom-blowdown-valve-33602\/"},"modified":"2026-01-15T16:12:34","modified_gmt":"2026-01-15T13:12:34","slug":"pneumatic-and-hand-operated-bottom-blowdown-valve-33602","status":"publish","type":"product","link":"https:\/\/www.unoxonline.com.tr\/en\/urun\/pneumatic-and-hand-operated-bottom-blowdown-valve-33602\/","title":{"rendered":"Pneumatic and Hand Operated Bottom Blowdown Valve-33602"},"content":{"rendered":"<h2>Pneumatic and Hand Operated Bottom Blowdown Valve-33602<\/h2>\n<p data-start=\"59\" data-end=\"435\">Pneumatic and hand operated bottom blowdown valve-33602 is an important type of valve used in industrial plants. This valve allows easy removal of sediment and debris accumulated at the bottom of piping systems. The product offers both pneumatic and manual control options, thus providing flexibility to the user. In addition, this valve provides long-lasting use with its durable structure.   <\/p>\n<h3 data-start=\"437\" data-end=\"510\">Technical Specifications of Pneumatic and Hand Operated Bottom Blowdown Valve-33602<\/h3>\n<p data-start=\"512\" data-end=\"936\">It is designed to withstand high pressure. The materials used in the valve are stainless steel and durable alloys. These materials provide both corrosion resistance and maintain performance under harsh operating conditions. The valve&#8217;s pneumatic control system provides fast opening and closing operations. The hand-operated mechanism allows manual intervention in emergencies.    <\/p>\n<h3 data-start=\"938\" data-end=\"974\">Areas of Use and Advantages<\/h3>\n<p data-start=\"976\" data-end=\"1371\">This type of valve is widely used in water treatment plants, power plants and chemical industry. The pneumatic and hand operated bottom blowdown valve increases efficiency in sediment removal. It reduces system downtime and simplifies maintenance. In addition, the valve is manufactured in accordance with safety standards and offers advantages in terms of occupational safety of employees.   <\/p>\n<h3 data-start=\"1373\" data-end=\"1402\">Assembly and Maintenance Processes<\/h3>\n<p data-start=\"1404\" data-end=\"1865\">Installation must be done by specialized personnel. Before installation, the pressure values of the system and valve dimensions should be carefully measured. Valve parts should be cleaned and lubricated during regular maintenance. These operations maintain the performance of the valve for a long time and prevent possible malfunctions. Technical support is available through <a class=\"\" href=\"https:\/\/unox.com.tr\/\" target=\"_new\" rel=\"noopener\" data-start=\"1769\" data-end=\"1789\">unox<\/a> and <a class=\"\" href=\"https:\/\/www.unoxonline.com.tr\/en\/\" target=\"_new\" rel=\"noopener\" data-start=\"1793\" data-end=\"1823\">unoxonline<\/a> throughout the valve&#8217;s operation.    <\/p>\n<h3 data-start=\"1867\" data-end=\"1950\">Pneumatic And Hand Operated Bottom Blowdown Valve-33602 Purchasing and Contact Details<\/h3>\n<p data-start=\"1952\" data-end=\"2376\">Companies wishing to purchase can contact us via <a class=\"\" href=\"https:\/\/unox.com.tr\/iletisim\/\" target=\"_new\" rel=\"noopener\" data-start=\"2029\" data-end=\"2058\">unox contact<\/a> and <a class=\"\" href=\"https:\/\/www.unoxonline.com.tr\/en\/contact\/\" target=\"_new\" rel=\"noopener\" data-start=\"2062\" data-end=\"2101\">unoxonline contact<\/a> addresses. Technical consultancy service is provided before sales and valve selection is made according to the needs. In addition, order and logistics processes are managed quickly. It is possible to reach experts directly for all details about the product.   <\/p>\n<h3 data-start=\"2378\" data-end=\"2433\">Technological Innovations to Improve Valve Performance<\/h3>\n<p data-start=\"2435\" data-end=\"2889\" data-is-last-node=\"\" data-is-only-node=\"\">It is continuously improved in the light of technological developments. Easy integration to automation systems is provided. Thus, the valve creates ease of use by offering remote control. Valves equipped with smart systems support business processes with fault detection and maintenance warnings. For up-to-date product information, please visit <a class=\"\" href=\"https:\/\/unox.com.tr\/\" target=\"_new\" rel=\"noopener\" data-start=\"2814\" data-end=\"2834\">unox<\/a> and <a class=\"\" href=\"https:\/\/www.unoxonline.com.tr\/en\/\" target=\"_new\" rel=\"noopener\" data-start=\"2838\" data-end=\"2868\">unoxonline<\/a>.    <\/p>\n","protected":false},"excerpt":{"rendered":"<p><a href=\"https:\/\/unox.com.tr\/wp-content\/uploads\/2023\/01\/Pnomatik-ve-El-Kumandali-Dip-Blof-Vanasi-%E2%80%93-33602.pdf\" target=\"_blank\" rel=\"noopener\"><button style=\"background-color: #005baa; color: #ffffff; padding: 10px 15px; font-family: montserrat; font-weight: bold; font-size: 19px; border-radius: 10px;\"><img decoding=\"async\" style=\"width: 25px; height: 25px;\" src=\"https:\/\/unox.com.tr\/wp-content\/uploads\/2023\/02\/pdf-1.png\">PRODUCT CATALOG<\/button><\/a><\/p>\n","protected":false},"featured_media":3069,"comment_status":"closed","ping_status":"closed","template":"","meta":{"_joinchat":[]},"product_brand":[],"product_cat":[150,168],"product_tag":[],"class_list":{"0":"post-9549","1":"product","2":"type-product","3":"status-publish","4":"has-post-thumbnail","6":"product_cat-control-valve","7":"product_cat-pneumatic-on-off-control-valve","9":"first","10":"instock","11":"taxable","12":"shipping-taxable","13":"purchasable","14":"product-type-variable"},"yoast_head":"<!-- This site is optimized with the Yoast SEO plugin v27.6 - https:\/\/yoast.com\/product\/yoast-seo-wordpress\/ -->\n<title>Pneumatic and Hand Operated Bottom Blowdown Valve-33602<\/title>\n<meta name=\"description\" content=\"Pneumatic and hand operated bottom blowdown valve-33602 is an important valve type used in industrial plants. It provides cleaning of the dirt accumulated at the bottom.\" \/>\n<meta name=\"robots\" content=\"index, follow, max-snippet:-1, max-image-preview:large, max-video-preview:-1\" \/>\n<link rel=\"canonical\" href=\"https:\/\/www.unoxonline.com.tr\/en\/urun\/pneumatic-and-hand-operated-bottom-blowdown-valve-33602\/\" \/>\n<meta property=\"og:locale\" content=\"en_US\" \/>\n<meta property=\"og:type\" content=\"article\" \/>\n<meta property=\"og:title\" content=\"Pneumatic and Hand Operated Bottom Blowdown Valve-33602\" \/>\n<meta property=\"og:description\" content=\"Pneumatic and hand operated bottom blowdown valve-33602 is an important valve type used in industrial plants. It provides cleaning of the dirt accumulated at the bottom.\" \/>\n<meta property=\"og:url\" content=\"https:\/\/www.unoxonline.com.tr\/en\/urun\/pneumatic-and-hand-operated-bottom-blowdown-valve-33602\/\" \/>\n<meta property=\"og:site_name\" content=\"Unox Vana\" \/>\n<meta property=\"article:modified_time\" content=\"2026-01-15T13:12:34+00:00\" \/>\n<meta property=\"og:image\" content=\"https:\/\/i0.wp.com\/www.unoxonline.com.tr\/wp-content\/uploads\/2024\/11\/pnomatik-el-kumandali-dip-blof-vana-1.jpg?fit=1000%2C1000&ssl=1\" \/>\n\t<meta property=\"og:image:width\" content=\"1000\" \/>\n\t<meta property=\"og:image:height\" content=\"1000\" \/>\n\t<meta property=\"og:image:type\" content=\"image\/jpeg\" \/>\n<meta name=\"twitter:card\" content=\"summary_large_image\" \/>\n<meta name=\"twitter:label1\" content=\"Est. reading time\" \/>\n\t<meta name=\"twitter:data1\" content=\"2 minutes\" \/>\n<script type=\"application\/ld+json\" class=\"yoast-schema-graph\">{\"@context\":\"https:\\\/\\\/schema.org\",\"@graph\":[{\"@type\":\"WebPage\",\"@id\":\"https:\\\/\\\/www.unoxonline.com.tr\\\/en\\\/urun\\\/pneumatic-and-hand-operated-bottom-blowdown-valve-33602\\\/\",\"url\":\"https:\\\/\\\/www.unoxonline.com.tr\\\/en\\\/urun\\\/pneumatic-and-hand-operated-bottom-blowdown-valve-33602\\\/\",\"name\":\"Pneumatic and Hand Operated Bottom Blowdown Valve-33602\",\"isPartOf\":{\"@id\":\"https:\\\/\\\/www.unoxonline.com.tr\\\/en\\\/#website\"},\"primaryImageOfPage\":{\"@id\":\"https:\\\/\\\/www.unoxonline.com.tr\\\/en\\\/urun\\\/pneumatic-and-hand-operated-bottom-blowdown-valve-33602\\\/#primaryimage\"},\"image\":{\"@id\":\"https:\\\/\\\/www.unoxonline.com.tr\\\/en\\\/urun\\\/pneumatic-and-hand-operated-bottom-blowdown-valve-33602\\\/#primaryimage\"},\"thumbnailUrl\":\"https:\\\/\\\/i0.wp.com\\\/www.unoxonline.com.tr\\\/wp-content\\\/uploads\\\/2024\\\/11\\\/pnomatik-el-kumandali-dip-blof-vana-1.jpg?fit=1000%2C1000&ssl=1\",\"datePublished\":\"2024-11-22T14:30:49+00:00\",\"dateModified\":\"2026-01-15T13:12:34+00:00\",\"description\":\"Pneumatic and hand operated bottom blowdown valve-33602 is an important valve type used in industrial plants. It provides cleaning of the dirt accumulated at the bottom.\",\"breadcrumb\":{\"@id\":\"https:\\\/\\\/www.unoxonline.com.tr\\\/en\\\/urun\\\/pneumatic-and-hand-operated-bottom-blowdown-valve-33602\\\/#breadcrumb\"},\"inLanguage\":\"en-US\",\"potentialAction\":[{\"@type\":\"ReadAction\",\"target\":[\"https:\\\/\\\/www.unoxonline.com.tr\\\/en\\\/urun\\\/pneumatic-and-hand-operated-bottom-blowdown-valve-33602\\\/\"]}]},{\"@type\":\"ImageObject\",\"inLanguage\":\"en-US\",\"@id\":\"https:\\\/\\\/www.unoxonline.com.tr\\\/en\\\/urun\\\/pneumatic-and-hand-operated-bottom-blowdown-valve-33602\\\/#primaryimage\",\"url\":\"https:\\\/\\\/i0.wp.com\\\/www.unoxonline.com.tr\\\/wp-content\\\/uploads\\\/2024\\\/11\\\/pnomatik-el-kumandali-dip-blof-vana-1.jpg?fit=1000%2C1000&ssl=1\",\"contentUrl\":\"https:\\\/\\\/i0.wp.com\\\/www.unoxonline.com.tr\\\/wp-content\\\/uploads\\\/2024\\\/11\\\/pnomatik-el-kumandali-dip-blof-vana-1.jpg?fit=1000%2C1000&ssl=1\",\"width\":1000,\"height\":1000},{\"@type\":\"BreadcrumbList\",\"@id\":\"https:\\\/\\\/www.unoxonline.com.tr\\\/en\\\/urun\\\/pneumatic-and-hand-operated-bottom-blowdown-valve-33602\\\/#breadcrumb\",\"itemListElement\":[{\"@type\":\"ListItem\",\"position\":1,\"name\":\"Anasayfa\",\"item\":\"https:\\\/\\\/www.unoxonline.com.tr\\\/en\\\/\"},{\"@type\":\"ListItem\",\"position\":2,\"name\":\"Shop\",\"item\":\"https:\\\/\\\/www.unoxonline.com.tr\\\/magaza\\\/\"},{\"@type\":\"ListItem\",\"position\":3,\"name\":\"Pneumatic and Hand Operated Bottom Blowdown Valve-33602\"}]},{\"@type\":\"WebSite\",\"@id\":\"https:\\\/\\\/www.unoxonline.com.tr\\\/en\\\/#website\",\"url\":\"https:\\\/\\\/www.unoxonline.com.tr\\\/en\\\/\",\"name\":\"Unox Vana\",\"description\":\"Ak\u0131\u015fkan\u0131n\u0131za Y\u00f6n Verir...\",\"potentialAction\":[{\"@type\":\"SearchAction\",\"target\":{\"@type\":\"EntryPoint\",\"urlTemplate\":\"https:\\\/\\\/www.unoxonline.com.tr\\\/en\\\/?s={search_term_string}\"},\"query-input\":{\"@type\":\"PropertyValueSpecification\",\"valueRequired\":true,\"valueName\":\"search_term_string\"}}],\"inLanguage\":\"en-US\"}]}<\/script>\n<!-- \/ Yoast SEO plugin. -->","yoast_head_json":{"title":"Pneumatic and Hand Operated Bottom Blowdown Valve-33602","description":"Pneumatic and hand operated bottom blowdown valve-33602 is an important valve type used in industrial plants. It provides cleaning of the dirt accumulated at the bottom.","robots":{"index":"index","follow":"follow","max-snippet":"max-snippet:-1","max-image-preview":"max-image-preview:large","max-video-preview":"max-video-preview:-1"},"canonical":"https:\/\/www.unoxonline.com.tr\/en\/urun\/pneumatic-and-hand-operated-bottom-blowdown-valve-33602\/","og_locale":"en_US","og_type":"article","og_title":"Pneumatic and Hand Operated Bottom Blowdown Valve-33602","og_description":"Pneumatic and hand operated bottom blowdown valve-33602 is an important valve type used in industrial plants. It provides cleaning of the dirt accumulated at the bottom.","og_url":"https:\/\/www.unoxonline.com.tr\/en\/urun\/pneumatic-and-hand-operated-bottom-blowdown-valve-33602\/","og_site_name":"Unox Vana","article_modified_time":"2026-01-15T13:12:34+00:00","og_image":[{"width":1000,"height":1000,"url":"https:\/\/i0.wp.com\/www.unoxonline.com.tr\/wp-content\/uploads\/2024\/11\/pnomatik-el-kumandali-dip-blof-vana-1.jpg?fit=1000%2C1000&ssl=1","type":"image\/jpeg"}],"twitter_card":"summary_large_image","twitter_misc":{"Est. reading time":"2 minutes"},"schema":{"@context":"https:\/\/schema.org","@graph":[{"@type":"WebPage","@id":"https:\/\/www.unoxonline.com.tr\/en\/urun\/pneumatic-and-hand-operated-bottom-blowdown-valve-33602\/","url":"https:\/\/www.unoxonline.com.tr\/en\/urun\/pneumatic-and-hand-operated-bottom-blowdown-valve-33602\/","name":"Pneumatic and Hand Operated Bottom Blowdown Valve-33602","isPartOf":{"@id":"https:\/\/www.unoxonline.com.tr\/en\/#website"},"primaryImageOfPage":{"@id":"https:\/\/www.unoxonline.com.tr\/en\/urun\/pneumatic-and-hand-operated-bottom-blowdown-valve-33602\/#primaryimage"},"image":{"@id":"https:\/\/www.unoxonline.com.tr\/en\/urun\/pneumatic-and-hand-operated-bottom-blowdown-valve-33602\/#primaryimage"},"thumbnailUrl":"https:\/\/i0.wp.com\/www.unoxonline.com.tr\/wp-content\/uploads\/2024\/11\/pnomatik-el-kumandali-dip-blof-vana-1.jpg?fit=1000%2C1000&ssl=1","datePublished":"2024-11-22T14:30:49+00:00","dateModified":"2026-01-15T13:12:34+00:00","description":"Pneumatic and hand operated bottom blowdown valve-33602 is an important valve type used in industrial plants. It provides cleaning of the dirt accumulated at the bottom.","breadcrumb":{"@id":"https:\/\/www.unoxonline.com.tr\/en\/urun\/pneumatic-and-hand-operated-bottom-blowdown-valve-33602\/#breadcrumb"},"inLanguage":"en-US","potentialAction":[{"@type":"ReadAction","target":["https:\/\/www.unoxonline.com.tr\/en\/urun\/pneumatic-and-hand-operated-bottom-blowdown-valve-33602\/"]}]},{"@type":"ImageObject","inLanguage":"en-US","@id":"https:\/\/www.unoxonline.com.tr\/en\/urun\/pneumatic-and-hand-operated-bottom-blowdown-valve-33602\/#primaryimage","url":"https:\/\/i0.wp.com\/www.unoxonline.com.tr\/wp-content\/uploads\/2024\/11\/pnomatik-el-kumandali-dip-blof-vana-1.jpg?fit=1000%2C1000&ssl=1","contentUrl":"https:\/\/i0.wp.com\/www.unoxonline.com.tr\/wp-content\/uploads\/2024\/11\/pnomatik-el-kumandali-dip-blof-vana-1.jpg?fit=1000%2C1000&ssl=1","width":1000,"height":1000},{"@type":"BreadcrumbList","@id":"https:\/\/www.unoxonline.com.tr\/en\/urun\/pneumatic-and-hand-operated-bottom-blowdown-valve-33602\/#breadcrumb","itemListElement":[{"@type":"ListItem","position":1,"name":"Anasayfa","item":"https:\/\/www.unoxonline.com.tr\/en\/"},{"@type":"ListItem","position":2,"name":"Shop","item":"https:\/\/www.unoxonline.com.tr\/magaza\/"},{"@type":"ListItem","position":3,"name":"Pneumatic and Hand Operated Bottom Blowdown Valve-33602"}]},{"@type":"WebSite","@id":"https:\/\/www.unoxonline.com.tr\/en\/#website","url":"https:\/\/www.unoxonline.com.tr\/en\/","name":"Unox Vana","description":"Ak\u0131\u015fkan\u0131n\u0131za Y\u00f6n Verir...","potentialAction":[{"@type":"SearchAction","target":{"@type":"EntryPoint","urlTemplate":"https:\/\/www.unoxonline.com.tr\/en\/?s={search_term_string}"},"query-input":{"@type":"PropertyValueSpecification","valueRequired":true,"valueName":"search_term_string"}}],"inLanguage":"en-US"}]}},"jetpack_sharing_enabled":true,"_links":{"self":[{"href":"https:\/\/www.unoxonline.com.tr\/en\/wp-json\/wp\/v2\/product\/9549","targetHints":{"allow":["GET"]}}],"collection":[{"href":"https:\/\/www.unoxonline.com.tr\/en\/wp-json\/wp\/v2\/product"}],"about":[{"href":"https:\/\/www.unoxonline.com.tr\/en\/wp-json\/wp\/v2\/types\/product"}],"replies":[{"embeddable":true,"href":"https:\/\/www.unoxonline.com.tr\/en\/wp-json\/wp\/v2\/comments?post=9549"}],"wp:featuredmedia":[{"embeddable":true,"href":"https:\/\/www.unoxonline.com.tr\/en\/wp-json\/wp\/v2\/media\/3069"}],"wp:attachment":[{"href":"https:\/\/www.unoxonline.com.tr\/en\/wp-json\/wp\/v2\/media?parent=9549"}],"wp:term":[{"taxonomy":"product_brand","embeddable":true,"href":"https:\/\/www.unoxonline.com.tr\/en\/wp-json\/wp\/v2\/product_brand?post=9549"},{"taxonomy":"product_cat","embeddable":true,"href":"https:\/\/www.unoxonline.com.tr\/en\/wp-json\/wp\/v2\/product_cat?post=9549"},{"taxonomy":"product_tag","embeddable":true,"href":"https:\/\/www.unoxonline.com.tr\/en\/wp-json\/wp\/v2\/product_tag?post=9549"}],"curies":[{"name":"wp","href":"https:\/\/api.w.org\/{rel}","templated":true}]}}