{"id":9552,"date":"2024-11-22T17:19:11","date_gmt":"2024-11-22T14:19:11","guid":{"rendered":"https:\/\/www.unoxonline.com.tr\/urun\/flanged-normally-closed-pneumatic-piston-valve\/"},"modified":"2024-11-22T17:19:11","modified_gmt":"2024-11-22T14:19:11","slug":"flanged-normally-closed-pneumatic-piston-valve","status":"publish","type":"product","link":"https:\/\/www.unoxonline.com.tr\/en\/urun\/flanged-normally-closed-pneumatic-piston-valve\/","title":{"rendered":"Flanged Normally Closed Pneumatic Piston Valve"},"content":{"rendered":"<h2>Flanged Normally Closed Pneumatic Piston Valve<\/h2>\n<p data-start=\"59\" data-end=\"619\">Flanged normally closed pneumatic piston valve is an important piece of equipment used in industrial systems for flow control. This type of valve offers fast on-off functions with its piston structure and is generally preferred in automation systems. Thanks to its flange connection structure, the product provides a robust installation in piping systems. In addition, the fact that it is normally closed provides a critical advantage in terms of system safety. You can get detailed information from <a class=\"\" href=\"https:\/\/unox.com.tr\/\" target=\"_new\" rel=\"noopener\" data-start=\"533\" data-end=\"577\">unox<\/a>, the official website of Unox.    <\/p>\n<h3 data-start=\"621\" data-end=\"700\">Flanged Normally Closed Pneumatic Piston Valve Design and Working Principle<\/h3>\n<p data-start=\"702\" data-end=\"1239\">This valve model has a mechanism that opens and closes by piston movement. The piston is controlled by pneumatic pressure to regulate the flow through the valve. The flange connection offers a leak-proof and durable installation in the pipeline. Since the valve is normally in the closed position, when pressure is applied, the piston moves to open the flow. Furthermore, when the system stops, the valve closes automatically and the flow is cut off. More technical information is available <a class=\"\" href=\"https:\/\/www.unoxonline.com.tr\/en\/contact\/\" target=\"_new\" rel=\"noopener\" data-start=\"1145\" data-end=\"1222\">on Unoxonline&#8217;s contact page<\/a>.     <\/p>\n<h3 data-start=\"1241\" data-end=\"1286\">Areas of Use and Sectoral Advantages<\/h3>\n<p data-start=\"1288\" data-end=\"1811\">Flanged normally closed pneumatic piston valve is widely preferred in water treatment, chemical, food and energy industries. In these sectors, the valve provides reliable and fast control. In addition, this valve plays a critical role to increase energy efficiency in systems and meet safety standards. The product withstands harsh operating conditions thanks to its robust structure. If you want to examine detailed usage examples, you can visit <a class=\"\" href=\"https:\/\/www.unoxonline.com.tr\/en\/\" target=\"_new\" rel=\"noopener\" data-start=\"1715\" data-end=\"1779\">unoxonline<\/a>.    <\/p>\n<h3 data-start=\"1813\" data-end=\"1889\">Installation and Maintenance Process of Flanged Normally Closed Pneumatic Piston Valve<\/h3>\n<p data-start=\"1891\" data-end=\"2395\">Installation is carried out by professional teams using flanged fasteners. When the valve is installed correctly, the risk of leakage in the system is minimized. Maintenance processes include periodic checks of valve functions. With regular maintenance, valve life is extended and performance continuity is ensured. If you want to get technical support for installation and maintenance, you can contact the company via <a class=\"\" href=\"https:\/\/unox.com.tr\/iletisim\/\" target=\"_new\" rel=\"noopener\" data-start=\"2291\" data-end=\"2353\">unox contact<\/a> address.    <\/p>\n<h3 data-start=\"2397\" data-end=\"2478\">Performance and Durability of Flanged Normally Closed Pneumatic Piston Valve<\/h3>\n<p data-start=\"2480\" data-end=\"2939\">This valve model offers durability guarantee by being manufactured with long-lasting materials. Its piston structure provides high performance with fast response times. In addition, the flanged connection increases flexibility and safety in installation. The valve shows superior functionality in various operating conditions and offers uninterrupted flow control. For detailed technical specifications of the product, you can check the <a class=\"\" href=\"https:\/\/unox.com.tr\/\" target=\"_new\" rel=\"noopener\" data-start=\"2862\" data-end=\"2906\">unox<\/a> website.    <\/p>\n","protected":false},"excerpt":{"rendered":"<p><a href=\"https:\/\/unox.com.tr\/wp-content\/uploads\/2025\/07\/PNOMATIK-PISTONLU-FLANSLI-VANA.pdf\" target=\"_blank\" rel=\"noopener\"><button style=\"background-color: #005baa; color: #ffffff; padding: 10px 15px; font-family: montserrat; font-weight: bold; font-size: 19px; border-radius: 10px;\"><img decoding=\"async\" style=\"width: 25px; height: 25px;\" src=\"https:\/\/unox.com.tr\/wp-content\/uploads\/2023\/02\/pdf-1.png\">PRODUCT CATALOG<\/button><\/a><\/p>\n","protected":false},"featured_media":3060,"comment_status":"closed","ping_status":"closed","template":"","meta":{"_joinchat":[]},"product_brand":[],"product_cat":[129,139],"product_tag":[],"class_list":{"0":"post-9552","1":"product","2":"type-product","3":"status-publish","4":"has-post-thumbnail","6":"product_cat-actuator-valve","7":"product_cat-pneumatic-valve","9":"first","10":"instock","11":"taxable","12":"shipping-taxable","13":"purchasable","14":"product-type-variable"},"yoast_head":"<!-- This site is optimized with the Yoast SEO plugin v27.4 - https:\/\/yoast.com\/product\/yoast-seo-wordpress\/ -->\n<title>Flanged Normally Closed Pneumatic Piston Valve<\/title>\n<meta name=\"description\" content=\"Flanged normally closed pneumatic piston valve is an important piece of equipment used in industrial systems to provide flow control.\" \/>\n<meta name=\"robots\" content=\"index, follow, max-snippet:-1, max-image-preview:large, max-video-preview:-1\" \/>\n<link rel=\"canonical\" href=\"https:\/\/www.unoxonline.com.tr\/en\/urun\/flanged-normally-closed-pneumatic-piston-valve\/\" \/>\n<meta property=\"og:locale\" content=\"en_US\" \/>\n<meta property=\"og:type\" content=\"article\" \/>\n<meta property=\"og:title\" content=\"Flanged Normally Closed Pneumatic Piston Valve\" \/>\n<meta property=\"og:description\" content=\"Flanged normally closed pneumatic piston valve is an important piece of equipment used in industrial systems to provide flow control.\" \/>\n<meta property=\"og:url\" content=\"https:\/\/www.unoxonline.com.tr\/en\/urun\/flanged-normally-closed-pneumatic-piston-valve\/\" \/>\n<meta property=\"og:site_name\" content=\"Unox Vana\" \/>\n<meta property=\"og:image\" content=\"https:\/\/i0.wp.com\/www.unoxonline.com.tr\/wp-content\/uploads\/2024\/11\/flansli-normalde-kapali-pnomatik-pistonlu-vana.jpg?fit=1000%2C1000&ssl=1\" \/>\n\t<meta property=\"og:image:width\" content=\"1000\" \/>\n\t<meta property=\"og:image:height\" content=\"1000\" \/>\n\t<meta property=\"og:image:type\" content=\"image\/jpeg\" \/>\n<meta name=\"twitter:card\" content=\"summary_large_image\" \/>\n<meta name=\"twitter:label1\" content=\"Est. reading time\" \/>\n\t<meta name=\"twitter:data1\" content=\"2 minutes\" \/>\n<script type=\"application\/ld+json\" class=\"yoast-schema-graph\">{\"@context\":\"https:\\\/\\\/schema.org\",\"@graph\":[{\"@type\":\"WebPage\",\"@id\":\"https:\\\/\\\/www.unoxonline.com.tr\\\/en\\\/urun\\\/flanged-normally-closed-pneumatic-piston-valve\\\/\",\"url\":\"https:\\\/\\\/www.unoxonline.com.tr\\\/en\\\/urun\\\/flanged-normally-closed-pneumatic-piston-valve\\\/\",\"name\":\"Flanged Normally Closed Pneumatic Piston Valve\",\"isPartOf\":{\"@id\":\"https:\\\/\\\/www.unoxonline.com.tr\\\/en\\\/#website\"},\"primaryImageOfPage\":{\"@id\":\"https:\\\/\\\/www.unoxonline.com.tr\\\/en\\\/urun\\\/flanged-normally-closed-pneumatic-piston-valve\\\/#primaryimage\"},\"image\":{\"@id\":\"https:\\\/\\\/www.unoxonline.com.tr\\\/en\\\/urun\\\/flanged-normally-closed-pneumatic-piston-valve\\\/#primaryimage\"},\"thumbnailUrl\":\"https:\\\/\\\/i0.wp.com\\\/www.unoxonline.com.tr\\\/wp-content\\\/uploads\\\/2024\\\/11\\\/flansli-normalde-kapali-pnomatik-pistonlu-vana.jpg?fit=1000%2C1000&ssl=1\",\"datePublished\":\"2024-11-22T14:19:11+00:00\",\"description\":\"Flanged normally closed pneumatic piston valve is an important piece of equipment used in industrial systems to provide flow control.\",\"breadcrumb\":{\"@id\":\"https:\\\/\\\/www.unoxonline.com.tr\\\/en\\\/urun\\\/flanged-normally-closed-pneumatic-piston-valve\\\/#breadcrumb\"},\"inLanguage\":\"en-US\",\"potentialAction\":[{\"@type\":\"ReadAction\",\"target\":[\"https:\\\/\\\/www.unoxonline.com.tr\\\/en\\\/urun\\\/flanged-normally-closed-pneumatic-piston-valve\\\/\"]}]},{\"@type\":\"ImageObject\",\"inLanguage\":\"en-US\",\"@id\":\"https:\\\/\\\/www.unoxonline.com.tr\\\/en\\\/urun\\\/flanged-normally-closed-pneumatic-piston-valve\\\/#primaryimage\",\"url\":\"https:\\\/\\\/i0.wp.com\\\/www.unoxonline.com.tr\\\/wp-content\\\/uploads\\\/2024\\\/11\\\/flansli-normalde-kapali-pnomatik-pistonlu-vana.jpg?fit=1000%2C1000&ssl=1\",\"contentUrl\":\"https:\\\/\\\/i0.wp.com\\\/www.unoxonline.com.tr\\\/wp-content\\\/uploads\\\/2024\\\/11\\\/flansli-normalde-kapali-pnomatik-pistonlu-vana.jpg?fit=1000%2C1000&ssl=1\",\"width\":1000,\"height\":1000},{\"@type\":\"BreadcrumbList\",\"@id\":\"https:\\\/\\\/www.unoxonline.com.tr\\\/en\\\/urun\\\/flanged-normally-closed-pneumatic-piston-valve\\\/#breadcrumb\",\"itemListElement\":[{\"@type\":\"ListItem\",\"position\":1,\"name\":\"Anasayfa\",\"item\":\"https:\\\/\\\/www.unoxonline.com.tr\\\/en\\\/\"},{\"@type\":\"ListItem\",\"position\":2,\"name\":\"Shop\",\"item\":\"https:\\\/\\\/www.unoxonline.com.tr\\\/magaza\\\/\"},{\"@type\":\"ListItem\",\"position\":3,\"name\":\"Flanged Normally Closed Pneumatic Piston Valve\"}]},{\"@type\":\"WebSite\",\"@id\":\"https:\\\/\\\/www.unoxonline.com.tr\\\/en\\\/#website\",\"url\":\"https:\\\/\\\/www.unoxonline.com.tr\\\/en\\\/\",\"name\":\"Unox Vana\",\"description\":\"Ak\u0131\u015fkan\u0131n\u0131za Y\u00f6n Verir...\",\"potentialAction\":[{\"@type\":\"SearchAction\",\"target\":{\"@type\":\"EntryPoint\",\"urlTemplate\":\"https:\\\/\\\/www.unoxonline.com.tr\\\/en\\\/?s={search_term_string}\"},\"query-input\":{\"@type\":\"PropertyValueSpecification\",\"valueRequired\":true,\"valueName\":\"search_term_string\"}}],\"inLanguage\":\"en-US\"}]}<\/script>\n<!-- \/ Yoast SEO plugin. -->","yoast_head_json":{"title":"Flanged Normally Closed Pneumatic Piston Valve","description":"Flanged normally closed pneumatic piston valve is an important piece of equipment used in industrial systems to provide flow control.","robots":{"index":"index","follow":"follow","max-snippet":"max-snippet:-1","max-image-preview":"max-image-preview:large","max-video-preview":"max-video-preview:-1"},"canonical":"https:\/\/www.unoxonline.com.tr\/en\/urun\/flanged-normally-closed-pneumatic-piston-valve\/","og_locale":"en_US","og_type":"article","og_title":"Flanged Normally Closed Pneumatic Piston Valve","og_description":"Flanged normally closed pneumatic piston valve is an important piece of equipment used in industrial systems to provide flow control.","og_url":"https:\/\/www.unoxonline.com.tr\/en\/urun\/flanged-normally-closed-pneumatic-piston-valve\/","og_site_name":"Unox Vana","og_image":[{"width":1000,"height":1000,"url":"https:\/\/i0.wp.com\/www.unoxonline.com.tr\/wp-content\/uploads\/2024\/11\/flansli-normalde-kapali-pnomatik-pistonlu-vana.jpg?fit=1000%2C1000&ssl=1","type":"image\/jpeg"}],"twitter_card":"summary_large_image","twitter_misc":{"Est. reading time":"2 minutes"},"schema":{"@context":"https:\/\/schema.org","@graph":[{"@type":"WebPage","@id":"https:\/\/www.unoxonline.com.tr\/en\/urun\/flanged-normally-closed-pneumatic-piston-valve\/","url":"https:\/\/www.unoxonline.com.tr\/en\/urun\/flanged-normally-closed-pneumatic-piston-valve\/","name":"Flanged Normally Closed Pneumatic Piston Valve","isPartOf":{"@id":"https:\/\/www.unoxonline.com.tr\/en\/#website"},"primaryImageOfPage":{"@id":"https:\/\/www.unoxonline.com.tr\/en\/urun\/flanged-normally-closed-pneumatic-piston-valve\/#primaryimage"},"image":{"@id":"https:\/\/www.unoxonline.com.tr\/en\/urun\/flanged-normally-closed-pneumatic-piston-valve\/#primaryimage"},"thumbnailUrl":"https:\/\/i0.wp.com\/www.unoxonline.com.tr\/wp-content\/uploads\/2024\/11\/flansli-normalde-kapali-pnomatik-pistonlu-vana.jpg?fit=1000%2C1000&ssl=1","datePublished":"2024-11-22T14:19:11+00:00","description":"Flanged normally closed pneumatic piston valve is an important piece of equipment used in industrial systems to provide flow control.","breadcrumb":{"@id":"https:\/\/www.unoxonline.com.tr\/en\/urun\/flanged-normally-closed-pneumatic-piston-valve\/#breadcrumb"},"inLanguage":"en-US","potentialAction":[{"@type":"ReadAction","target":["https:\/\/www.unoxonline.com.tr\/en\/urun\/flanged-normally-closed-pneumatic-piston-valve\/"]}]},{"@type":"ImageObject","inLanguage":"en-US","@id":"https:\/\/www.unoxonline.com.tr\/en\/urun\/flanged-normally-closed-pneumatic-piston-valve\/#primaryimage","url":"https:\/\/i0.wp.com\/www.unoxonline.com.tr\/wp-content\/uploads\/2024\/11\/flansli-normalde-kapali-pnomatik-pistonlu-vana.jpg?fit=1000%2C1000&ssl=1","contentUrl":"https:\/\/i0.wp.com\/www.unoxonline.com.tr\/wp-content\/uploads\/2024\/11\/flansli-normalde-kapali-pnomatik-pistonlu-vana.jpg?fit=1000%2C1000&ssl=1","width":1000,"height":1000},{"@type":"BreadcrumbList","@id":"https:\/\/www.unoxonline.com.tr\/en\/urun\/flanged-normally-closed-pneumatic-piston-valve\/#breadcrumb","itemListElement":[{"@type":"ListItem","position":1,"name":"Anasayfa","item":"https:\/\/www.unoxonline.com.tr\/en\/"},{"@type":"ListItem","position":2,"name":"Shop","item":"https:\/\/www.unoxonline.com.tr\/magaza\/"},{"@type":"ListItem","position":3,"name":"Flanged Normally Closed Pneumatic Piston Valve"}]},{"@type":"WebSite","@id":"https:\/\/www.unoxonline.com.tr\/en\/#website","url":"https:\/\/www.unoxonline.com.tr\/en\/","name":"Unox Vana","description":"Ak\u0131\u015fkan\u0131n\u0131za Y\u00f6n Verir...","potentialAction":[{"@type":"SearchAction","target":{"@type":"EntryPoint","urlTemplate":"https:\/\/www.unoxonline.com.tr\/en\/?s={search_term_string}"},"query-input":{"@type":"PropertyValueSpecification","valueRequired":true,"valueName":"search_term_string"}}],"inLanguage":"en-US"}]}},"jetpack_sharing_enabled":true,"_links":{"self":[{"href":"https:\/\/www.unoxonline.com.tr\/en\/wp-json\/wp\/v2\/product\/9552","targetHints":{"allow":["GET"]}}],"collection":[{"href":"https:\/\/www.unoxonline.com.tr\/en\/wp-json\/wp\/v2\/product"}],"about":[{"href":"https:\/\/www.unoxonline.com.tr\/en\/wp-json\/wp\/v2\/types\/product"}],"replies":[{"embeddable":true,"href":"https:\/\/www.unoxonline.com.tr\/en\/wp-json\/wp\/v2\/comments?post=9552"}],"wp:featuredmedia":[{"embeddable":true,"href":"https:\/\/www.unoxonline.com.tr\/en\/wp-json\/wp\/v2\/media\/3060"}],"wp:attachment":[{"href":"https:\/\/www.unoxonline.com.tr\/en\/wp-json\/wp\/v2\/media?parent=9552"}],"wp:term":[{"taxonomy":"product_brand","embeddable":true,"href":"https:\/\/www.unoxonline.com.tr\/en\/wp-json\/wp\/v2\/product_brand?post=9552"},{"taxonomy":"product_cat","embeddable":true,"href":"https:\/\/www.unoxonline.com.tr\/en\/wp-json\/wp\/v2\/product_cat?post=9552"},{"taxonomy":"product_tag","embeddable":true,"href":"https:\/\/www.unoxonline.com.tr\/en\/wp-json\/wp\/v2\/product_tag?post=9552"}],"curies":[{"name":"wp","href":"https:\/\/api.w.org\/{rel}","templated":true}]}}