{"id":9560,"date":"2024-11-22T16:54:49","date_gmt":"2024-11-22T13:54:49","guid":{"rendered":"https:\/\/www.unoxonline.com.tr\/urun\/single-acting-gear-normally-closed-pneumatic-piston-valve-y-type\/"},"modified":"2024-11-22T16:54:49","modified_gmt":"2024-11-22T13:54:49","slug":"single-acting-gear-normally-closed-pneumatic-piston-valve-y-type","status":"publish","type":"product","link":"https:\/\/www.unoxonline.com.tr\/en\/urun\/single-acting-gear-normally-closed-pneumatic-piston-valve-y-type\/","title":{"rendered":"Single Acting Gear Normally Closed Pneumatic Piston Valve (Y TYPE)"},"content":{"rendered":"<h2>Threaded Normally Closed Pneumatic Piston Valve (Y TYPE)<\/h2>\n<p data-start=\"66\" data-end=\"540\">The threaded normally closed pneumatic piston valve (Y-type) is an important component often used in industrial plants. This type of valve is controlled by pneumatic power and is normally kept in the closed position. Its Y-type design allows the fluid to pass through the valve easily. It also offers ease of installation with its threaded connection. Industry-leading companies such as Unox provide quality production of these valves and offer various technical support to users.    <\/p>\n<h3 data-start=\"542\" data-end=\"611\">Gear Normally Closed Pneumatic Piston Valve (Y Type) Features<\/h3>\n<p data-start=\"613\" data-end=\"1128\">It is made of durable materials. Alloys such as steel or bronze that do not rust are preferred and provide long life. The piston structure allows fast and effective on-off action. This feature creates an advantage in systems that require precision in flow control. In addition, the Y shape in the valve body creates minimum resistance in the flow and saves energy. You can find detailed information about the product on <a class=\"\" href=\"https:\/\/unox.com.tr\/\" target=\"_new\" rel=\"noopener\" data-start=\"1057\" data-end=\"1098\">the Unox official website<\/a>.     <\/p>\n<h3 data-start=\"1130\" data-end=\"1166\">Areas of Use and Advantages<\/h3>\n<p data-start=\"1168\" data-end=\"1708\">It is widely used especially in the chemical, food and pharmaceutical industries. In these areas, hygienic conditions and fast control are crucial. The valve prevents fluid leakage in the closed position and increases system safety. In addition, it can be easily integrated into automation with pneumatic control. In this way, processes are managed remotely and production efficiency is increased. For more technical details and product range, please visit <a class=\"\" href=\"https:\/\/www.unoxonline.com.tr\/en\/\" target=\"_new\" rel=\"noopener\" data-start=\"1631\" data-end=\"1676\">Unox Online<\/a>.     <\/p>\n<h3 data-start=\"1710\" data-end=\"1739\">Assembly and Maintenance Processes<\/h3>\n<p data-start=\"1741\" data-end=\"2281\">Care must be taken during installation. Correct thread matching and sealing materials must be used. Installation should be carried out by competent technicians. Periodic control is important in the maintenance phase. Regular inspection of the piston and sealing elements positively affects valve performance. The maintenance guide is available <a class=\"\" href=\"https:\/\/unox.com.tr\/iletisim\/\" target=\"_new\" rel=\"noopener\" data-start=\"2122\" data-end=\"2180\">on the Unox contact page<\/a>. You can also get technical support through online platforms.      <\/p>\n<h3 data-start=\"2283\" data-end=\"2327\">Performance and Efficiency Assessment<\/h3>\n<p data-start=\"2329\" data-end=\"2862\">Geared normally closed pneumatic piston valve (Y type) performance may vary according to fluid pressure and temperature. However, it works smoothly for many years with proper use. It provides cost advantage by reducing energy consumption. In addition, when integrated with automation systems, process control becomes more precise. Such valves are one of the indispensable parts of industrial automation. Those who want to get more information can reach experts at <a class=\"\" href=\"https:\/\/www.unoxonline.com.tr\/en\/contact\/\" target=\"_new\" rel=\"noopener\" data-start=\"2766\" data-end=\"2829\">Unox Online contact<\/a> address.     <\/p>\n","protected":false},"excerpt":{"rendered":"<p><a href=\"https:\/\/unox.com.tr\/wp-content\/uploads\/2023\/01\/PNOMATIK-PISTONLU-DISLI-VANA.pdf\" target=\"_blank\" rel=\"noopener\"><button style=\"background-color: #005baa; color: #ffffff; padding: 10px 15px; font-family: montserrat; font-weight: bold; font-size: 19px; border-radius: 10px;\"><img decoding=\"async\" style=\"width: 25px; height: 25px;\" src=\"https:\/\/unox.com.tr\/wp-content\/uploads\/2023\/02\/pdf-1.png\">PRODUCT CATALOG<\/button><\/a><\/p>\n","protected":false},"featured_media":3043,"comment_status":"closed","ping_status":"closed","template":"","meta":{"_joinchat":[]},"product_brand":[],"product_cat":[129,139],"product_tag":[],"class_list":{"0":"post-9560","1":"product","2":"type-product","3":"status-publish","4":"has-post-thumbnail","6":"product_cat-actuator-valve","7":"product_cat-pneumatic-valve","9":"first","10":"instock","11":"taxable","12":"shipping-taxable","13":"purchasable","14":"product-type-variable"},"yoast_head":"<!-- This site is optimized with the Yoast SEO plugin v27.5 - https:\/\/yoast.com\/product\/yoast-seo-wordpress\/ -->\n<title>Threaded Normally Closed Pneumatic Piston Valve (Y TYPE)<\/title>\n<meta name=\"description\" content=\"The threaded normally closed pneumatic piston valve (Y type) is an important component often preferred in industrial plants. It is controlled by pneumatic power.\" \/>\n<meta name=\"robots\" content=\"index, follow, max-snippet:-1, max-image-preview:large, max-video-preview:-1\" \/>\n<link rel=\"canonical\" href=\"https:\/\/www.unoxonline.com.tr\/en\/urun\/single-acting-gear-normally-closed-pneumatic-piston-valve-y-type\/\" \/>\n<meta property=\"og:locale\" content=\"en_US\" \/>\n<meta property=\"og:type\" content=\"article\" \/>\n<meta property=\"og:title\" content=\"Threaded Normally Closed Pneumatic Piston Valve (Y TYPE)\" \/>\n<meta property=\"og:description\" content=\"The threaded normally closed pneumatic piston valve (Y type) is an important component often preferred in industrial plants. It is controlled by pneumatic power.\" \/>\n<meta property=\"og:url\" content=\"https:\/\/www.unoxonline.com.tr\/en\/urun\/single-acting-gear-normally-closed-pneumatic-piston-valve-y-type\/\" \/>\n<meta property=\"og:site_name\" content=\"Unox Vana\" \/>\n<meta property=\"og:image\" content=\"https:\/\/i0.wp.com\/www.unoxonline.com.tr\/wp-content\/uploads\/2024\/11\/pnomatik-pistonlu-vana-disli-1.jpg?fit=1000%2C1000&ssl=1\" \/>\n\t<meta property=\"og:image:width\" content=\"1000\" \/>\n\t<meta property=\"og:image:height\" content=\"1000\" \/>\n\t<meta property=\"og:image:type\" content=\"image\/jpeg\" \/>\n<meta name=\"twitter:card\" content=\"summary_large_image\" \/>\n<meta name=\"twitter:label1\" content=\"Est. reading time\" \/>\n\t<meta name=\"twitter:data1\" content=\"2 minutes\" \/>\n<script type=\"application\/ld+json\" class=\"yoast-schema-graph\">{\"@context\":\"https:\\\/\\\/schema.org\",\"@graph\":[{\"@type\":\"WebPage\",\"@id\":\"https:\\\/\\\/www.unoxonline.com.tr\\\/en\\\/urun\\\/single-acting-gear-normally-closed-pneumatic-piston-valve-y-type\\\/\",\"url\":\"https:\\\/\\\/www.unoxonline.com.tr\\\/en\\\/urun\\\/single-acting-gear-normally-closed-pneumatic-piston-valve-y-type\\\/\",\"name\":\"Threaded Normally Closed Pneumatic Piston Valve (Y TYPE)\",\"isPartOf\":{\"@id\":\"https:\\\/\\\/www.unoxonline.com.tr\\\/en\\\/#website\"},\"primaryImageOfPage\":{\"@id\":\"https:\\\/\\\/www.unoxonline.com.tr\\\/en\\\/urun\\\/single-acting-gear-normally-closed-pneumatic-piston-valve-y-type\\\/#primaryimage\"},\"image\":{\"@id\":\"https:\\\/\\\/www.unoxonline.com.tr\\\/en\\\/urun\\\/single-acting-gear-normally-closed-pneumatic-piston-valve-y-type\\\/#primaryimage\"},\"thumbnailUrl\":\"https:\\\/\\\/i0.wp.com\\\/www.unoxonline.com.tr\\\/wp-content\\\/uploads\\\/2024\\\/11\\\/pnomatik-pistonlu-vana-disli-1.jpg?fit=1000%2C1000&ssl=1\",\"datePublished\":\"2024-11-22T13:54:49+00:00\",\"description\":\"The threaded normally closed pneumatic piston valve (Y type) is an important component often preferred in industrial plants. It is controlled by pneumatic power.\",\"breadcrumb\":{\"@id\":\"https:\\\/\\\/www.unoxonline.com.tr\\\/en\\\/urun\\\/single-acting-gear-normally-closed-pneumatic-piston-valve-y-type\\\/#breadcrumb\"},\"inLanguage\":\"en-US\",\"potentialAction\":[{\"@type\":\"ReadAction\",\"target\":[\"https:\\\/\\\/www.unoxonline.com.tr\\\/en\\\/urun\\\/single-acting-gear-normally-closed-pneumatic-piston-valve-y-type\\\/\"]}]},{\"@type\":\"ImageObject\",\"inLanguage\":\"en-US\",\"@id\":\"https:\\\/\\\/www.unoxonline.com.tr\\\/en\\\/urun\\\/single-acting-gear-normally-closed-pneumatic-piston-valve-y-type\\\/#primaryimage\",\"url\":\"https:\\\/\\\/i0.wp.com\\\/www.unoxonline.com.tr\\\/wp-content\\\/uploads\\\/2024\\\/11\\\/pnomatik-pistonlu-vana-disli-1.jpg?fit=1000%2C1000&ssl=1\",\"contentUrl\":\"https:\\\/\\\/i0.wp.com\\\/www.unoxonline.com.tr\\\/wp-content\\\/uploads\\\/2024\\\/11\\\/pnomatik-pistonlu-vana-disli-1.jpg?fit=1000%2C1000&ssl=1\",\"width\":1000,\"height\":1000},{\"@type\":\"BreadcrumbList\",\"@id\":\"https:\\\/\\\/www.unoxonline.com.tr\\\/en\\\/urun\\\/single-acting-gear-normally-closed-pneumatic-piston-valve-y-type\\\/#breadcrumb\",\"itemListElement\":[{\"@type\":\"ListItem\",\"position\":1,\"name\":\"Anasayfa\",\"item\":\"https:\\\/\\\/www.unoxonline.com.tr\\\/en\\\/\"},{\"@type\":\"ListItem\",\"position\":2,\"name\":\"Shop\",\"item\":\"https:\\\/\\\/www.unoxonline.com.tr\\\/magaza\\\/\"},{\"@type\":\"ListItem\",\"position\":3,\"name\":\"Single Acting Gear Normally Closed Pneumatic Piston Valve (Y TYPE)\"}]},{\"@type\":\"WebSite\",\"@id\":\"https:\\\/\\\/www.unoxonline.com.tr\\\/en\\\/#website\",\"url\":\"https:\\\/\\\/www.unoxonline.com.tr\\\/en\\\/\",\"name\":\"Unox Vana\",\"description\":\"Ak\u0131\u015fkan\u0131n\u0131za Y\u00f6n Verir...\",\"potentialAction\":[{\"@type\":\"SearchAction\",\"target\":{\"@type\":\"EntryPoint\",\"urlTemplate\":\"https:\\\/\\\/www.unoxonline.com.tr\\\/en\\\/?s={search_term_string}\"},\"query-input\":{\"@type\":\"PropertyValueSpecification\",\"valueRequired\":true,\"valueName\":\"search_term_string\"}}],\"inLanguage\":\"en-US\"}]}<\/script>\n<!-- \/ Yoast SEO plugin. -->","yoast_head_json":{"title":"Threaded Normally Closed Pneumatic Piston Valve (Y TYPE)","description":"The threaded normally closed pneumatic piston valve (Y type) is an important component often preferred in industrial plants. It is controlled by pneumatic power.","robots":{"index":"index","follow":"follow","max-snippet":"max-snippet:-1","max-image-preview":"max-image-preview:large","max-video-preview":"max-video-preview:-1"},"canonical":"https:\/\/www.unoxonline.com.tr\/en\/urun\/single-acting-gear-normally-closed-pneumatic-piston-valve-y-type\/","og_locale":"en_US","og_type":"article","og_title":"Threaded Normally Closed Pneumatic Piston Valve (Y TYPE)","og_description":"The threaded normally closed pneumatic piston valve (Y type) is an important component often preferred in industrial plants. It is controlled by pneumatic power.","og_url":"https:\/\/www.unoxonline.com.tr\/en\/urun\/single-acting-gear-normally-closed-pneumatic-piston-valve-y-type\/","og_site_name":"Unox Vana","og_image":[{"width":1000,"height":1000,"url":"https:\/\/i0.wp.com\/www.unoxonline.com.tr\/wp-content\/uploads\/2024\/11\/pnomatik-pistonlu-vana-disli-1.jpg?fit=1000%2C1000&ssl=1","type":"image\/jpeg"}],"twitter_card":"summary_large_image","twitter_misc":{"Est. reading time":"2 minutes"},"schema":{"@context":"https:\/\/schema.org","@graph":[{"@type":"WebPage","@id":"https:\/\/www.unoxonline.com.tr\/en\/urun\/single-acting-gear-normally-closed-pneumatic-piston-valve-y-type\/","url":"https:\/\/www.unoxonline.com.tr\/en\/urun\/single-acting-gear-normally-closed-pneumatic-piston-valve-y-type\/","name":"Threaded Normally Closed Pneumatic Piston Valve (Y TYPE)","isPartOf":{"@id":"https:\/\/www.unoxonline.com.tr\/en\/#website"},"primaryImageOfPage":{"@id":"https:\/\/www.unoxonline.com.tr\/en\/urun\/single-acting-gear-normally-closed-pneumatic-piston-valve-y-type\/#primaryimage"},"image":{"@id":"https:\/\/www.unoxonline.com.tr\/en\/urun\/single-acting-gear-normally-closed-pneumatic-piston-valve-y-type\/#primaryimage"},"thumbnailUrl":"https:\/\/i0.wp.com\/www.unoxonline.com.tr\/wp-content\/uploads\/2024\/11\/pnomatik-pistonlu-vana-disli-1.jpg?fit=1000%2C1000&ssl=1","datePublished":"2024-11-22T13:54:49+00:00","description":"The threaded normally closed pneumatic piston valve (Y type) is an important component often preferred in industrial plants. It is controlled by pneumatic power.","breadcrumb":{"@id":"https:\/\/www.unoxonline.com.tr\/en\/urun\/single-acting-gear-normally-closed-pneumatic-piston-valve-y-type\/#breadcrumb"},"inLanguage":"en-US","potentialAction":[{"@type":"ReadAction","target":["https:\/\/www.unoxonline.com.tr\/en\/urun\/single-acting-gear-normally-closed-pneumatic-piston-valve-y-type\/"]}]},{"@type":"ImageObject","inLanguage":"en-US","@id":"https:\/\/www.unoxonline.com.tr\/en\/urun\/single-acting-gear-normally-closed-pneumatic-piston-valve-y-type\/#primaryimage","url":"https:\/\/i0.wp.com\/www.unoxonline.com.tr\/wp-content\/uploads\/2024\/11\/pnomatik-pistonlu-vana-disli-1.jpg?fit=1000%2C1000&ssl=1","contentUrl":"https:\/\/i0.wp.com\/www.unoxonline.com.tr\/wp-content\/uploads\/2024\/11\/pnomatik-pistonlu-vana-disli-1.jpg?fit=1000%2C1000&ssl=1","width":1000,"height":1000},{"@type":"BreadcrumbList","@id":"https:\/\/www.unoxonline.com.tr\/en\/urun\/single-acting-gear-normally-closed-pneumatic-piston-valve-y-type\/#breadcrumb","itemListElement":[{"@type":"ListItem","position":1,"name":"Anasayfa","item":"https:\/\/www.unoxonline.com.tr\/en\/"},{"@type":"ListItem","position":2,"name":"Shop","item":"https:\/\/www.unoxonline.com.tr\/magaza\/"},{"@type":"ListItem","position":3,"name":"Single Acting Gear Normally Closed Pneumatic Piston Valve (Y TYPE)"}]},{"@type":"WebSite","@id":"https:\/\/www.unoxonline.com.tr\/en\/#website","url":"https:\/\/www.unoxonline.com.tr\/en\/","name":"Unox Vana","description":"Ak\u0131\u015fkan\u0131n\u0131za Y\u00f6n Verir...","potentialAction":[{"@type":"SearchAction","target":{"@type":"EntryPoint","urlTemplate":"https:\/\/www.unoxonline.com.tr\/en\/?s={search_term_string}"},"query-input":{"@type":"PropertyValueSpecification","valueRequired":true,"valueName":"search_term_string"}}],"inLanguage":"en-US"}]}},"jetpack_sharing_enabled":true,"_links":{"self":[{"href":"https:\/\/www.unoxonline.com.tr\/en\/wp-json\/wp\/v2\/product\/9560","targetHints":{"allow":["GET"]}}],"collection":[{"href":"https:\/\/www.unoxonline.com.tr\/en\/wp-json\/wp\/v2\/product"}],"about":[{"href":"https:\/\/www.unoxonline.com.tr\/en\/wp-json\/wp\/v2\/types\/product"}],"replies":[{"embeddable":true,"href":"https:\/\/www.unoxonline.com.tr\/en\/wp-json\/wp\/v2\/comments?post=9560"}],"wp:featuredmedia":[{"embeddable":true,"href":"https:\/\/www.unoxonline.com.tr\/en\/wp-json\/wp\/v2\/media\/3043"}],"wp:attachment":[{"href":"https:\/\/www.unoxonline.com.tr\/en\/wp-json\/wp\/v2\/media?parent=9560"}],"wp:term":[{"taxonomy":"product_brand","embeddable":true,"href":"https:\/\/www.unoxonline.com.tr\/en\/wp-json\/wp\/v2\/product_brand?post=9560"},{"taxonomy":"product_cat","embeddable":true,"href":"https:\/\/www.unoxonline.com.tr\/en\/wp-json\/wp\/v2\/product_cat?post=9560"},{"taxonomy":"product_tag","embeddable":true,"href":"https:\/\/www.unoxonline.com.tr\/en\/wp-json\/wp\/v2\/product_tag?post=9560"}],"curies":[{"name":"wp","href":"https:\/\/api.w.org\/{rel}","templated":true}]}}